{"id":6368,"date":"2020-07-22T22:50:37","date_gmt":"2020-07-23T03:50:37","guid":{"rendered":"https:\/\/teec.org.mx\/web\/?page_id=6368"},"modified":"2026-02-04T13:44:46","modified_gmt":"2026-02-04T19:44:46","slug":"fraccion-xxiii","status":"publish","type":"page","link":"https:\/\/teec.org.mx\/web\/fraccion-xxiii\/","title":{"rendered":"Fracci\u00f3n XXIII"},"content":{"rendered":"\n<div class=\"wp-block-columns is-layout-flex wp-container-core-columns-layout-1 wp-block-columns-is-layout-flex\">\n<div class=\"wp-block-column is-layout-flow wp-block-column-is-layout-flow\" style=\"flex-basis:5%\"><\/div>\n\n\n\n<div class=\"wp-block-column is-layout-flow wp-block-column-is-layout-flow\" style=\"flex-basis:90%\">\n<h4 class=\"wp-block-heading\">Fracci\u00f3n XXIII<\/h4>\n\n\n\n<h3 class=\"wp-block-heading\"><strong>Los montos destinados a gastos relativos a comunicaci\u00f3n social y publicidad oficial<\/strong><\/h3>\n\n\n\n<div class=\"wp-block-buttons is-layout-flex wp-block-buttons-is-layout-flex\">\n<div class=\"wp-block-button is-style-fill\"><a class=\"wp-block-button__link has-white-color has-text-color has-background wp-element-button\" href=\"https:\/\/teec.org.mx\/web\/wp-content\/uploads\/2026\/02\/Fraccion-XXIII-4to-tri-2025.zip\" style=\"background-color:#020b43\"><strong>Descargar formatos SIPOT_PNT<\/strong><\/a><\/div>\n<\/div>\n<\/div>\n\n\n\n<div class=\"wp-block-column is-layout-flow wp-block-column-is-layout-flow\" style=\"flex-basis:5%\"><\/div>\n<\/div>\n\n\n\n<div class=\"wp-block-columns is-layout-flex wp-container-core-columns-layout-2 wp-block-columns-is-layout-flex\">\n<div class=\"wp-block-column is-layout-flow wp-block-column-is-layout-flow\" style=\"flex-basis:5%\"><\/div>\n\n\n\n<div class=\"wp-block-column is-layout-flow wp-block-column-is-layout-flow\" style=\"flex-basis:90%\">\n<p>&nbsp;<\/p>\n<ol style=\"list-style-type: lower-alpha;\">\n<li style=\"text-align: justify;\"><span style=\"font-size: 18pt;\">Programa Anual de Comunicaci\u00f3n Social o equivalente&nbsp;<\/span>\n<ul>\n<li><span style=\"font-size: 18pt;\"><strong><em>Nota: Hasta el momento el Tribunal Electoral no cuenta con ning\u00fan programa de Comunicaci\u00f3n Social o equivalente<\/em><\/strong><\/span><\/li>\n<\/ul>\n<\/li>\n<li style=\"text-align: justify;\"><span style=\"font-size: 18pt;\">Erogaci\u00f3n de recursos por contrataci\u00f3n de servicios de impresi\u00f3n, difusi\u00f3n y publicidad<\/span>\n<ul>\n<li><span style=\"font-size: 18pt;\"><strong><em>Nota: El Tribunal Electoral del Estado de Campeche no ha contratado servicios por impresi\u00f3n, difusi\u00f3n y publicidad.&nbsp;<\/em><\/strong><\/span><\/li>\n<\/ul>\n<\/li>\n<li style=\"text-align: justify;\"><span style=\"font-size: 18pt;\">Utilizaci\u00f3n de los Tiempos Oficiales<\/span>\n<ul>\n<li><span style=\"font-size: 18pt;\"><em><strong>Nota: Por el momento el Tribunal Electoral del Estado de Campeche no ha utilizado tiempos Oficiales: tiempo de Estado y tiempo fiscal.<\/strong><\/em><\/span><\/li>\n<\/ul>\n<\/li>\n<li><span style=\"font-size: 18pt;\">Hiperv\u00ednculo a informaci\u00f3n de tiempos oficiales en radio y televisi\u00f3n<\/span>\n<ul>\n<li style=\"text-align: justify;\"><span style=\"font-size: 18pt;\"><em><strong>Nota: Por el momento el Tribunal Electoral del Estado de Campeche no ha utilizado tiempos Oficiales: tiempo de Estado y tiempo fiscal.<\/strong><\/em><\/span><\/li>\n<\/ul>\n<\/li>\n<\/ol>\n<p>&nbsp;<\/p>\n<p>&nbsp;<\/p>\n\n\n\n<p><\/p>\n<\/div>\n\n\n\n<div class=\"wp-block-column is-layout-flow wp-block-column-is-layout-flow\" style=\"flex-basis:5%\"><\/div>\n<\/div>\n\n\n\n<p><\/p>\n","protected":false},"excerpt":{"rendered":"<p>Fracci\u00f3n XXIII Los montos destinados a gastos relativos a comunicaci\u00f3n social y publicidad oficial &nbsp; Programa Anual de Comunicaci\u00f3n Social o equivalente&nbsp; Nota: Hasta el momento el Tribunal Electoral no cuenta con ning\u00fan programa de Comunicaci\u00f3n Social o equivalente Erogaci\u00f3n de recursos por contrataci\u00f3n de servicios de impresi\u00f3n, difusi\u00f3n y publicidad Nota: El Tribunal Electoral [&hellip;]<\/p>\n","protected":false},"author":1,"featured_media":0,"parent":0,"menu_order":0,"comment_status":"closed","ping_status":"closed","template":"","meta":{"footnotes":""},"yst_prominent_words":[200,634,643,43,644,642,649,648,645,654,635,655,640,201,652,63,25,653,651,650],"_links":{"self":[{"href":"https:\/\/teec.org.mx\/web\/wp-json\/wp\/v2\/pages\/6368"}],"collection":[{"href":"https:\/\/teec.org.mx\/web\/wp-json\/wp\/v2\/pages"}],"about":[{"href":"https:\/\/teec.org.mx\/web\/wp-json\/wp\/v2\/types\/page"}],"author":[{"embeddable":true,"href":"https:\/\/teec.org.mx\/web\/wp-json\/wp\/v2\/users\/1"}],"replies":[{"embeddable":true,"href":"https:\/\/teec.org.mx\/web\/wp-json\/wp\/v2\/comments?post=6368"}],"version-history":[{"count":27,"href":"https:\/\/teec.org.mx\/web\/wp-json\/wp\/v2\/pages\/6368\/revisions"}],"predecessor-version":[{"id":32646,"href":"https:\/\/teec.org.mx\/web\/wp-json\/wp\/v2\/pages\/6368\/revisions\/32646"}],"wp:attachment":[{"href":"https:\/\/teec.org.mx\/web\/wp-json\/wp\/v2\/media?parent=6368"}],"wp:term":[{"taxonomy":"yst_prominent_words","embeddable":true,"href":"https:\/\/teec.org.mx\/web\/wp-json\/wp\/v2\/yst_prominent_words?post=6368"}],"curies":[{"name":"wp","href":"https:\/\/api.w.org\/{rel}","templated":true}]}}