{"id":6471,"date":"2020-07-26T18:00:32","date_gmt":"2020-07-26T23:00:32","guid":{"rendered":"https:\/\/teec.org.mx\/web\/?page_id=6471"},"modified":"2020-07-26T18:11:46","modified_gmt":"2020-07-26T23:11:46","slug":"segundo-trimestre-2020-conac","status":"publish","type":"page","link":"https:\/\/teec.org.mx\/web\/segundo-trimestre-2020-conac\/","title":{"rendered":"Segundo trimestre 2020 conac"},"content":{"rendered":"\n<h3 class=\"has-text-align-center wp-block-heading\">Segundo trimestre 2020<\/h3>\n\n\n\n<div class=\"wp-block-columns is-layout-flex wp-container-core-columns-layout-1 wp-block-columns-is-layout-flex\">\n<div class=\"wp-block-column is-layout-flow wp-block-column-is-layout-flow\" style=\"flex-basis:10%\"><\/div>\n\n\n\n<div class=\"wp-block-column is-layout-flow wp-block-column-is-layout-flow\" style=\"flex-basis:90%\">\n<p>&nbsp;<\/p>\n<ol>\n<li style=\"text-align: justify;\"><a href=\"https:\/\/teec.org.mx\/web\/wp-content\/uploads\/2020\/07\/1.-Ayudas-y-subsidios-Dise\u00f1o-2do-tri-2020.pdf\" target=\"_blank\" rel=\"noopener noreferrer\"><span style=\"font-size: 14pt;\">Norma para establecer la estructura de informaci\u00f3n de montos pagados por ayudas y subsidios<\/span><\/a><\/li>\n<li style=\"text-align: justify;\"><a href=\"https:\/\/teec.org.mx\/web\/wp-content\/uploads\/2020\/07\/16-NEFRCP-2do-tri-2020.pdf\" target=\"_blank\" rel=\"noopener noreferrer\"><span style=\"font-size: 14pt;\">Norma para establecer la estructura del formato de la relaci\u00f3n de bienes que componen el patrimonio del ente p\u00fablico<\/span><\/a><\/li>\n<\/ol>\n<p>&nbsp;<\/p>\n<\/div>\n\n\n\n<div class=\"wp-block-column is-layout-flow wp-block-column-is-layout-flow\" style=\"flex-basis:10%\"><\/div>\n<\/div>\n\n\n\n<p><\/p>\n","protected":false},"excerpt":{"rendered":"<p>Segundo trimestre 2020 &nbsp; Norma para establecer la estructura de informaci\u00f3n de montos pagados por ayudas y subsidios Norma para establecer la estructura del formato de la relaci\u00f3n de bienes que componen el patrimonio del ente p\u00fablico &nbsp;<\/p>\n","protected":false},"author":1,"featured_media":0,"parent":0,"menu_order":0,"comment_status":"closed","ping_status":"closed","template":"","meta":{"footnotes":""},"yst_prominent_words":[289,287,290,288,286,285],"_links":{"self":[{"href":"https:\/\/teec.org.mx\/web\/wp-json\/wp\/v2\/pages\/6471"}],"collection":[{"href":"https:\/\/teec.org.mx\/web\/wp-json\/wp\/v2\/pages"}],"about":[{"href":"https:\/\/teec.org.mx\/web\/wp-json\/wp\/v2\/types\/page"}],"author":[{"embeddable":true,"href":"https:\/\/teec.org.mx\/web\/wp-json\/wp\/v2\/users\/1"}],"replies":[{"embeddable":true,"href":"https:\/\/teec.org.mx\/web\/wp-json\/wp\/v2\/comments?post=6471"}],"version-history":[{"count":5,"href":"https:\/\/teec.org.mx\/web\/wp-json\/wp\/v2\/pages\/6471\/revisions"}],"predecessor-version":[{"id":7529,"href":"https:\/\/teec.org.mx\/web\/wp-json\/wp\/v2\/pages\/6471\/revisions\/7529"}],"wp:attachment":[{"href":"https:\/\/teec.org.mx\/web\/wp-json\/wp\/v2\/media?parent=6471"}],"wp:term":[{"taxonomy":"yst_prominent_words","embeddable":true,"href":"https:\/\/teec.org.mx\/web\/wp-json\/wp\/v2\/yst_prominent_words?post=6471"}],"curies":[{"name":"wp","href":"https:\/\/api.w.org\/{rel}","templated":true}]}}