{"id":6562,"date":"2020-07-31T15:44:41","date_gmt":"2020-07-31T20:44:41","guid":{"rendered":"https:\/\/teec.org.mx\/web\/?page_id=6562"},"modified":"2020-09-24T17:33:03","modified_gmt":"2020-09-24T22:33:03","slug":"fraccion-xxvi","status":"publish","type":"page","link":"https:\/\/teec.org.mx\/web\/fraccion-xxvi\/","title":{"rendered":"Fracci\u00f3n XXVI"},"content":{"rendered":"\n<div class=\"wp-block-columns is-layout-flex wp-container-core-columns-layout-1 wp-block-columns-is-layout-flex\">\n<div class=\"wp-block-column is-layout-flow wp-block-column-is-layout-flow\" style=\"flex-basis:5%\"><\/div>\n\n\n\n<div class=\"wp-block-column is-layout-flow wp-block-column-is-layout-flow\" style=\"flex-basis:90%\">\n<h4 class=\"wp-block-heading\">Fracci\u00f3n XXVI<\/h4>\n\n\n\n<h2 class=\"wp-block-heading\">Asignaci\u00f3n de recursos<\/h2>\n<\/div>\n\n\n\n<div class=\"wp-block-column is-layout-flow wp-block-column-is-layout-flow\" style=\"flex-basis:5%\"><\/div>\n<\/div>\n\n\n\n<div class=\"wp-block-columns is-layout-flex wp-container-core-columns-layout-2 wp-block-columns-is-layout-flex\">\n<div class=\"wp-block-column is-layout-flow wp-block-column-is-layout-flow\" style=\"flex-basis:15%\"><\/div>\n\n\n\n<div class=\"wp-block-column is-layout-flow wp-block-column-is-layout-flow\" style=\"flex-basis:80%\">\n<p>&nbsp;<\/p>\n<p><em><span style=\"font-size: 24pt;\"><strong>Nota:<\/strong><\/span><\/em><\/p>\n<p style=\"text-align: justify;\"><em><span style=\"font-size: 18pt;\">No Aplica, toda vez que no es parte del objeto ni de las atribuciones jur\u00eddico\u2013administrativas del Tribunal Electoral del Estado de Campeche, establecido el art. 621 Ley de Instituciones y Procedimientos Electorales del Estado de Campeche\u201d<\/span><\/em><\/p>\n<p>&nbsp;<\/p>\n<\/div>\n\n\n\n<div class=\"wp-block-column is-layout-flow wp-block-column-is-layout-flow\" style=\"flex-basis:15%\"><\/div>\n<\/div>\n","protected":false},"excerpt":{"rendered":"<p>Fracci\u00f3n XXVI Asignaci\u00f3n de recursos &nbsp; Nota: No Aplica, toda vez que no es parte del objeto ni de las atribuciones jur\u00eddico\u2013administrativas del Tribunal Electoral del Estado de Campeche, establecido el art. 621 Ley de Instituciones y Procedimientos Electorales del Estado de Campeche\u201d &nbsp;<\/p>\n","protected":false},"author":1,"featured_media":0,"parent":0,"menu_order":0,"comment_status":"closed","ping_status":"closed","template":"","meta":{"footnotes":""},"yst_prominent_words":[61],"_links":{"self":[{"href":"https:\/\/teec.org.mx\/web\/wp-json\/wp\/v2\/pages\/6562"}],"collection":[{"href":"https:\/\/teec.org.mx\/web\/wp-json\/wp\/v2\/pages"}],"about":[{"href":"https:\/\/teec.org.mx\/web\/wp-json\/wp\/v2\/types\/page"}],"author":[{"embeddable":true,"href":"https:\/\/teec.org.mx\/web\/wp-json\/wp\/v2\/users\/1"}],"replies":[{"embeddable":true,"href":"https:\/\/teec.org.mx\/web\/wp-json\/wp\/v2\/comments?post=6562"}],"version-history":[{"count":5,"href":"https:\/\/teec.org.mx\/web\/wp-json\/wp\/v2\/pages\/6562\/revisions"}],"predecessor-version":[{"id":7295,"href":"https:\/\/teec.org.mx\/web\/wp-json\/wp\/v2\/pages\/6562\/revisions\/7295"}],"wp:attachment":[{"href":"https:\/\/teec.org.mx\/web\/wp-json\/wp\/v2\/media?parent=6562"}],"wp:term":[{"taxonomy":"yst_prominent_words","embeddable":true,"href":"https:\/\/teec.org.mx\/web\/wp-json\/wp\/v2\/yst_prominent_words?post=6562"}],"curies":[{"name":"wp","href":"https:\/\/api.w.org\/{rel}","templated":true}]}}