{"id":6609,"date":"2020-08-02T22:28:17","date_gmt":"2020-08-03T03:28:17","guid":{"rendered":"https:\/\/teec.org.mx\/web\/?page_id=6609"},"modified":"2026-02-04T13:38:56","modified_gmt":"2026-02-04T19:38:56","slug":"fraccion-xxviii","status":"publish","type":"page","link":"https:\/\/teec.org.mx\/web\/fraccion-xxviii\/","title":{"rendered":"Fracci\u00f3n XXVIII"},"content":{"rendered":"\n<div class=\"wp-block-columns is-layout-flex wp-container-core-columns-layout-1 wp-block-columns-is-layout-flex\">\n<div class=\"wp-block-column is-layout-flow wp-block-column-is-layout-flow\" style=\"flex-basis:5%\"><\/div>\n\n\n\n<div class=\"wp-block-column is-layout-flow wp-block-column-is-layout-flow\" style=\"flex-basis:90%\">\n<h4 class=\"wp-block-heading\">Fracci\u00f3n XXVIII<\/h4>\n\n\n\n<h3 class=\"wp-block-heading\">Procedimientos de adjudicaci\u00f3n directa<\/h3>\n\n\n\n<div class=\"wp-block-buttons is-layout-flex wp-block-buttons-is-layout-flex\">\n<div class=\"wp-block-button is-style-fill\"><a class=\"wp-block-button__link has-white-color has-text-color has-background wp-element-button\" href=\"https:\/\/teec.org.mx\/web\/wp-content\/uploads\/2026\/02\/Fraccion-XXVIII-4to-tri-2025.zip\" style=\"background-color:#020b43\">Descargar formatos SPOT_PNT<\/a><\/div>\n<\/div>\n<\/div>\n\n\n\n<div class=\"wp-block-column is-layout-flow wp-block-column-is-layout-flow\" style=\"flex-basis:5%\"><\/div>\n<\/div>\n\n\n\n<div class=\"wp-block-columns is-layout-flex wp-container-core-columns-layout-2 wp-block-columns-is-layout-flex\">\n<div class=\"wp-block-column is-layout-flow wp-block-column-is-layout-flow\" style=\"flex-basis:15%\"><\/div>\n\n\n\n<div class=\"wp-block-column is-layout-flow wp-block-column-is-layout-flow\" style=\"flex-basis:60%\">\n<p>\u00a0<\/p>\n<ol class=\"rich-text block-editor-rich-text__editable\" role=\"textbox\" contenteditable=\"true\" aria-multiline=\"true\" aria-label=\"Escribe una lista\u2026\">\n<li style=\"text-align: justify;\"><span style=\"font-size: 18pt;\">Resultados de procedimientos de licitaci\u00f3n p\u00fablica e invitaci\u00f3n a cuando menos tres personas realizados por el Tribunal Electoral del Estado de Campeche<\/span>\n<ul>\n<li><span style=\"font-size: 18pt;\"><em><strong>Nota: El Tribunal Electoral del Estado de Campeche por el momento no ha realizado ninguna licitaci\u00f3n p\u00fablica e invitaci\u00f3n a cuando menos tres personas<\/strong><\/em><\/span><\/li>\n<\/ul>\n<\/li>\n<li style=\"text-align: justify;\"><span style=\"font-size: 18pt;\">Resultados de procedimientos de adjudicaci\u00f3n directa realizados por el Tribunal Electoral del Estado de Campeche<\/span><\/li>\n<\/ol>\n<p style=\"text-align: justify;\">\u00a0<\/p>\n<\/div>\n\n\n\n<div class=\"wp-block-column is-layout-flow wp-block-column-is-layout-flow\" style=\"flex-basis:15%\"><\/div>\n<\/div>\n\n\n\n<p><\/p>\n","protected":false},"excerpt":{"rendered":"<p>Fracci\u00f3n XXVIII Procedimientos de adjudicaci\u00f3n directa \u00a0 Resultados de procedimientos de licitaci\u00f3n p\u00fablica e invitaci\u00f3n a cuando menos tres personas realizados por el Tribunal Electoral del Estado de Campeche Nota: El Tribunal Electoral del Estado de Campeche por el momento no ha realizado ninguna licitaci\u00f3n p\u00fablica e invitaci\u00f3n a cuando menos tres personas Resultados de [&hellip;]<\/p>\n","protected":false},"author":1,"featured_media":0,"parent":0,"menu_order":0,"comment_status":"closed","ping_status":"closed","template":"","meta":{"footnotes":""},"yst_prominent_words":[695,207,61,696,43,698,697,693,691,694,205,204,252,692,699,668,206,63,25],"_links":{"self":[{"href":"https:\/\/teec.org.mx\/web\/wp-json\/wp\/v2\/pages\/6609"}],"collection":[{"href":"https:\/\/teec.org.mx\/web\/wp-json\/wp\/v2\/pages"}],"about":[{"href":"https:\/\/teec.org.mx\/web\/wp-json\/wp\/v2\/types\/page"}],"author":[{"embeddable":true,"href":"https:\/\/teec.org.mx\/web\/wp-json\/wp\/v2\/users\/1"}],"replies":[{"embeddable":true,"href":"https:\/\/teec.org.mx\/web\/wp-json\/wp\/v2\/comments?post=6609"}],"version-history":[{"count":26,"href":"https:\/\/teec.org.mx\/web\/wp-json\/wp\/v2\/pages\/6609\/revisions"}],"predecessor-version":[{"id":32643,"href":"https:\/\/teec.org.mx\/web\/wp-json\/wp\/v2\/pages\/6609\/revisions\/32643"}],"wp:attachment":[{"href":"https:\/\/teec.org.mx\/web\/wp-json\/wp\/v2\/media?parent=6609"}],"wp:term":[{"taxonomy":"yst_prominent_words","embeddable":true,"href":"https:\/\/teec.org.mx\/web\/wp-json\/wp\/v2\/yst_prominent_words?post=6609"}],"curies":[{"name":"wp","href":"https:\/\/api.w.org\/{rel}","templated":true}]}}