{"id":666,"date":"2020-02-11T18:49:17","date_gmt":"2020-02-11T18:49:17","guid":{"rendered":"http:\/\/teec.org.mx\/web\/?page_id=666"},"modified":"2020-02-17T22:05:47","modified_gmt":"2020-02-18T04:05:47","slug":"expedientillos-2019","status":"publish","type":"page","link":"https:\/\/teec.org.mx\/web\/expedientillos-2019\/","title":{"rendered":"Expedientillos 2019"},"content":{"rendered":"\n<h3 class=\"has-text-align-center wp-block-heading\">Expedientillos 2019<\/h3>\n\n\n\n<p>&nbsp;<\/p>\n<p style=\"text-align: center;\"><div class=\"supsystic-table-loader la-ball-beat la-2x\" style=\"color:#000000\"><div><\/div><div><\/div><div><\/div><\/div><div id=\"supsystic-table-14_7262\" class=\"supsystic-tables-wrap pagination-large\" style=\" width:100%; visibility: hidden; \" data-table-width-fixed=\"100%\" data-table-width-mobile=\"100%\" ><div class=\"supsystic-tables-features\"><\/div><table id=\"supsystic-table-14\" class=\"supsystic-table border cell-border\" data-id=\"14\" data-view-id=\"14_7262\" data-title=\"EXP 2019\" data-currency-format=\"$1,000.00\" data-percent-format=\"10.00%\" data-date-format=\"DD.MM.YYYY\" data-time-format=\"HH:mm\" data-features=\"[&quot;info&quot;,&quot;paging&quot;,&quot;searching&quot;,&quot;after_table_loaded_script&quot;,&quot;import&quot;]\" data-search-value=\"\" data-head=\"on\" data-head-rows-count=\"1\" data-pagination-length=\"10,25,50,100,All\" data-auto-index=\"off\" data-searching-settings=\"{&quot;columnSearchPosition&quot;:&quot;bottom&quot;,&quot;minChars&quot;:&quot;0&quot;}\" data-lang=\"default\" data-override=\"{&quot;emptyTable&quot;:&quot;&quot;,&quot;info&quot;:&quot;&quot;,&quot;infoEmpty&quot;:&quot;&quot;,&quot;infoFiltered&quot;:&quot;&quot;,&quot;lengthMenu&quot;:&quot;&quot;,&quot;search&quot;:&quot;&quot;,&quot;zeroRecords&quot;:&quot;&quot;,&quot;exportLabel&quot;:&quot;&quot;,&quot;file&quot;:&quot;default&quot;}\" data-merged=\"[]\" data-responsive-mode=\"0\" data-from-history=\"0\" ><thead><tr><th data-cell-id=\"A1\" data-x=\"0\" data-y=\"1\" data-db-index=\"1\" class=\"bg-d49820 color-fcf9fc fsize-17 bold\" data-cell-type=\"text\" data-original-value=\"Fecha\" data-order=\"Fecha\" style=\"min-width:23.4995%; \" >Fecha <\/th><th data-cell-id=\"B1\" data-x=\"1\" data-y=\"1\" data-db-index=\"1\" class=\"color-fcf9fc fsize-17 bold bg-d49820\" data-cell-type=\"text\" data-original-value=\"Hora\" data-order=\"Hora\" style=\"min-width:29.5015%; \" >Hora <\/th><th data-cell-id=\"C1\" data-x=\"2\" data-y=\"1\" data-db-index=\"1\" class=\"bg-d49820 color-ffffff bold fsize-17\" data-cell-type=\"text\" data-original-value=\"Autoridad responsable\" data-order=\"Autoridad responsable\" style=\"min-width:23.4995%; \" >Autoridad responsable <\/th><th data-cell-id=\"D1\" data-x=\"3\" data-y=\"1\" data-db-index=\"1\" class=\"bg-d49820 color-ffffff bold fsize-17\" data-cell-type=\"text\" data-original-value=\"Archivo\" data-order=\"Archivo\" style=\"min-width:23.4995%; \" >Archivo <\/th><\/tr><\/thead><tbody><tr style=\"height:px\" ><td data-cell-id=\"A2\" data-x=\"0\" data-y=\"2\" data-db-index=\"2\" class=\"\" data-cell-type=\"text\" data-original-value=\"10 de diciembre de 2019, a las 10:15 horas\" data-order=\"10 de diciembre de 2019, a las 10:15 horas\" >10 de diciembre de 2019, a las 10:15 horas <\/td><td data-cell-id=\"B2\" data-x=\"1\" data-y=\"2\" data-db-index=\"2\" class=\"\" data-cell-type=\"text\" data-original-value=\"Ciudadano Eliseo Fern\u00e1ndez Montufar\" data-order=\"Ciudadano Eliseo Fern\u00e1ndez Montufar\" >Ciudadano Eliseo Fern\u00e1ndez Montufar <\/td><td data-cell-id=\"C2\" data-x=\"2\" data-y=\"2\" data-db-index=\"2\" class=\"\" data-cell-type=\"text\" data-original-value=\"Congreso del Estado de Campeche\" data-order=\"Congreso del Estado de Campeche\" >Congreso del Estado de Campeche <\/td><td data-cell-id=\"D2\" data-x=\"3\" data-y=\"2\" data-db-index=\"2\" class=\"\" data-cell-type=\"text\" data-original-value=\"&lt;a href=&quot;http:\/\/teec.org.mx\/web\/wp-content\/uploads\/2020\/02\/TEEC-EXP-04-2019-10-12-2019.pdf&quot; target=&quot;_blank&quot;&gt;TEEC\/EXP\/04\/2019 (Acuerdo de Requerimiento)&lt;\/a&gt;\" data-order=\"&lt;a href=&quot;http:\/\/teec.org.mx\/web\/wp-content\/uploads\/2020\/02\/TEEC-EXP-04-2019-10-12-2019.pdf&quot; target=&quot;_blank&quot;&gt;TEEC\/EXP\/04\/2019 (Acuerdo de Requerimiento)&lt;\/a&gt;\" ><a href=\"http:\/\/teec.org.mx\/web\/wp-content\/uploads\/2020\/02\/TEEC-EXP-04-2019-10-12-2019.pdf\" target=\"_blank\">TEEC\/EXP\/04\/2019 (Acuerdo de Requerimiento)<\/a><\/td><\/tr><tr style=\"height:px\" ><td data-cell-id=\"A3\" data-x=\"0\" data-y=\"3\" data-db-index=\"3\" class=\"\" data-cell-type=\"text\" data-original-value=\"05 de diciembre de 2019, a las 11:40 horas\" data-order=\"05 de diciembre de 2019, a las 11:40 horas\" >05 de diciembre de 2019, a las 11:40 horas <\/td><td data-cell-id=\"B3\" data-x=\"1\" data-y=\"3\" data-db-index=\"3\" class=\"\" data-cell-type=\"text\" data-original-value=\"Ciudadano Eliseo Fern\u00e1ndez Montufar\" data-order=\"Ciudadano Eliseo Fern\u00e1ndez Montufar\" >Ciudadano Eliseo Fern\u00e1ndez Montufar <\/td><td data-cell-id=\"C3\" data-x=\"2\" data-y=\"3\" data-db-index=\"3\" class=\"\" data-cell-type=\"text\" data-original-value=\"Congreso del Estado de Campeche\" data-order=\"Congreso del Estado de Campeche\" >Congreso del Estado de Campeche <\/td><td data-cell-id=\"D3\" data-x=\"3\" data-y=\"3\" data-db-index=\"3\" class=\"\" data-cell-type=\"text\" data-original-value=\"&lt;a href=&quot;http:\/\/teec.org.mx\/web\/wp-content\/uploads\/2020\/02\/TEEC-EXPEDIENTILLO-04-2019-05-12-2019.pdf&quot; target=&quot;_blank&quot;&gt;TEEC\/EXPEDIENTILLO\/04\/2019 (Acuerdo de Notificaci\u00f3n)&lt;\/a&gt;\" data-order=\"&lt;a href=&quot;http:\/\/teec.org.mx\/web\/wp-content\/uploads\/2020\/02\/TEEC-EXPEDIENTILLO-04-2019-05-12-2019.pdf&quot; target=&quot;_blank&quot;&gt;TEEC\/EXPEDIENTILLO\/04\/2019 (Acuerdo de Notificaci\u00f3n)&lt;\/a&gt;\" ><a href=\"http:\/\/teec.org.mx\/web\/wp-content\/uploads\/2020\/02\/TEEC-EXPEDIENTILLO-04-2019-05-12-2019.pdf\" target=\"_blank\">TEEC\/EXPEDIENTILLO\/04\/2019 (Acuerdo de Notificaci\u00f3n)<\/a><\/td><\/tr><tr style=\"height:px\" ><td data-cell-id=\"A4\" data-x=\"0\" data-y=\"4\" data-db-index=\"4\" class=\"\" data-cell-type=\"text\" data-original-value=\"18 de octubre de 2019, a las 13:35 horas\" data-order=\"18 de octubre de 2019, a las 13:35 horas\" >18 de octubre de 2019, a las 13:35 horas <\/td><td data-cell-id=\"B4\" data-x=\"1\" data-y=\"4\" data-db-index=\"4\" class=\"\" data-cell-type=\"text\" data-original-value=\"Ciudadano Licenciado Carlos Ram\u00edrez Cortez, quien se ostenta como Representante Propietario ante el Consejo General del Instituto Electoral del Estado de Campeche, por el Partido Pol\u00edtico Morena\" data-order=\"Ciudadano Licenciado Carlos Ram\u00edrez Cortez, quien se ostenta como Representante Propietario ante el Consejo General del Instituto Electoral del Estado de Campeche, por el Partido Pol\u00edtico Morena\" >Ciudadano Licenciado Carlos Ram\u00edrez Cortez, quien se ostenta como Representante Propietario ante el Consejo General del Instituto Electoral del Estado de Campeche, por el Partido Pol\u00edtico Morena <\/td><td data-cell-id=\"C4\" data-x=\"2\" data-y=\"4\" data-db-index=\"4\" class=\"\" data-cell-type=\"text\" data-original-value=\"Comisi\u00f3n Nacional de Honor y Justicia del Partido Pol\u00edtico Morena\" data-order=\"Comisi\u00f3n Nacional de Honor y Justicia del Partido Pol\u00edtico Morena\" >Comisi\u00f3n Nacional de Honor y Justicia del Partido Pol\u00edtico Morena <\/td><td data-cell-id=\"D4\" data-x=\"3\" data-y=\"4\" data-db-index=\"4\" class=\"\" data-cell-type=\"text\" data-original-value=\"&lt;a href=&quot;http:\/\/teec.org.mx\/web\/wp-content\/uploads\/2020\/02\/TEEC-EXPEDIENTILLO-03-2019-18-10-2019.pdf&quot; target=&quot;_blank&quot;&gt;TEEC\/EXPEDIENTILLO\/03\/2019 (Acuerdo de Tramite)&lt;\/a&gt;\" data-order=\"&lt;a href=&quot;http:\/\/teec.org.mx\/web\/wp-content\/uploads\/2020\/02\/TEEC-EXPEDIENTILLO-03-2019-18-10-2019.pdf&quot; target=&quot;_blank&quot;&gt;TEEC\/EXPEDIENTILLO\/03\/2019 (Acuerdo de Tramite)&lt;\/a&gt;\" ><a href=\"http:\/\/teec.org.mx\/web\/wp-content\/uploads\/2020\/02\/TEEC-EXPEDIENTILLO-03-2019-18-10-2019.pdf\" target=\"_blank\">TEEC\/EXPEDIENTILLO\/03\/2019 (Acuerdo de Tramite)<\/a><\/td><\/tr><tr style=\"height:px\" ><td data-cell-id=\"A5\" data-x=\"0\" data-y=\"5\" data-db-index=\"5\" class=\"\" data-cell-type=\"text\" data-original-value=\"09 de agosto de 2019, a las 14:15 horas\" data-order=\"09 de agosto de 2019, a las 14:15 horas\" >09 de agosto de 2019, a las 14:15 horas <\/td><td data-cell-id=\"B5\" data-x=\"1\" data-y=\"5\" data-db-index=\"5\" class=\"\" data-cell-type=\"text\" data-original-value=\"Ciudadano Miguel \u00c1ngel Ort\u00edz P\u00e9rez\" data-order=\"Ciudadano Miguel \u00c1ngel Ort\u00edz P\u00e9rez\" >Ciudadano Miguel \u00c1ngel Ort\u00edz P\u00e9rez <\/td><td data-cell-id=\"C5\" data-x=\"2\" data-y=\"5\" data-db-index=\"5\" class=\"\" data-cell-type=\"text\" data-original-value=\"H. Ayuntamiento de Palizada, Campeche\" data-order=\"H. Ayuntamiento de Palizada, Campeche\" >H. Ayuntamiento de Palizada, Campeche <\/td><td data-cell-id=\"D5\" data-x=\"3\" data-y=\"5\" data-db-index=\"5\" class=\"\" data-cell-type=\"text\" data-original-value=\"&lt;a href=&quot;http:\/\/teec.org.mx\/web\/wp-content\/uploads\/2020\/02\/TEEC-EXPEDIENTILLO-02-2019-Tramite-del-Medio-de-Impugnaci\u00f3n-09-08-2019.pdf&quot; target=&quot;_blank&quot;&gt;TEEC\/EXPEDIENTILLO\/02\/2019 (Tramite del Medio de Impugnaci\u00f3n)&lt;\/a&gt;\" data-order=\"&lt;a href=&quot;http:\/\/teec.org.mx\/web\/wp-content\/uploads\/2020\/02\/TEEC-EXPEDIENTILLO-02-2019-Tramite-del-Medio-de-Impugnaci\u00f3n-09-08-2019.pdf&quot; target=&quot;_blank&quot;&gt;TEEC\/EXPEDIENTILLO\/02\/2019 (Tramite del Medio de Impugnaci\u00f3n)&lt;\/a&gt;\" ><a href=\"http:\/\/teec.org.mx\/web\/wp-content\/uploads\/2020\/02\/TEEC-EXPEDIENTILLO-02-2019-Tramite-del-Medio-de-Impugnaci\u00f3n-09-08-2019.pdf\" target=\"_blank\">TEEC\/EXPEDIENTILLO\/02\/2019 (Tramite del Medio de Impugnaci\u00f3n)<\/a><\/td><\/tr><tr style=\"height:px\" ><td data-cell-id=\"A6\" data-x=\"0\" data-y=\"6\" data-db-index=\"6\" class=\"\" data-cell-type=\"text\" data-original-value=\"05 de febrero de 2019, a las 13:20 horas\" data-order=\"05 de febrero de 2019, a las 13:20 horas\" >05 de febrero de 2019, a las 13:20 horas <\/td><td data-cell-id=\"B6\" data-x=\"1\" data-y=\"6\" data-db-index=\"6\" class=\"\" data-cell-type=\"text\" data-original-value=\"Ciudadano Alfredo Hern\u00e1ndez S\u00e1nchez\" data-order=\"Ciudadano Alfredo Hern\u00e1ndez S\u00e1nchez\" >Ciudadano Alfredo Hern\u00e1ndez S\u00e1nchez <\/td><td data-cell-id=\"C6\" data-x=\"2\" data-y=\"6\" data-db-index=\"6\" class=\"\" data-cell-type=\"text\" data-original-value=\"H. Junta Municipal de Monclova, Candelaria Campeche\" data-order=\"H. Junta Municipal de Monclova, Candelaria Campeche\" >H. Junta Municipal de Monclova, Candelaria Campeche <\/td><td data-cell-id=\"D6\" data-x=\"3\" data-y=\"6\" data-db-index=\"6\" class=\"\" data-cell-type=\"text\" data-original-value=\"&lt;a href=&quot;http:\/\/teec.org.mx\/web\/wp-content\/uploads\/2020\/02\/TEEC-EXPEDIENTILLO-01-2019-05-02-19.pdf&quot; target=&quot;_blank&quot;&gt;TEEC\/EXPEDIENTILLO\/01\/2019&lt;\/a&gt;\" data-order=\"&lt;a href=&quot;http:\/\/teec.org.mx\/web\/wp-content\/uploads\/2020\/02\/TEEC-EXPEDIENTILLO-01-2019-05-02-19.pdf&quot; target=&quot;_blank&quot;&gt;TEEC\/EXPEDIENTILLO\/01\/2019&lt;\/a&gt;\" ><a href=\"http:\/\/teec.org.mx\/web\/wp-content\/uploads\/2020\/02\/TEEC-EXPEDIENTILLO-01-2019-05-02-19.pdf\" target=\"_blank\">TEEC\/EXPEDIENTILLO\/01\/2019<\/a><\/td><\/tr><\/tbody><\/table><!-- \/#supsystic-table-14.supsystic-table --><div class=\"stbConditionsData\" ><\/div><\/div><!-- \/.supsystic-tables-wrap --><!-- Tables Generator by Supsystic --><!-- Version:1.10.47 --><!-- http:\/\/supsystic.com\/ --><a title=\"WordPress Responsive Table\" style=\"display:none;\" href=\"https:\/\/supsystic.com\/plugins\/wordpress-data-table-plugin\/?utm_medium=love_link\" target=\"_blank\">WordPress Responsive Table<\/a><\/p>\n<p>&nbsp;<\/p>\n\n\n\n<p><\/p>\n","protected":false},"excerpt":{"rendered":"<p>Expedientillos 2019 &nbsp; &nbsp;<\/p>\n","protected":false},"author":1,"featured_media":0,"parent":0,"menu_order":0,"comment_status":"closed","ping_status":"closed","template":"","meta":{"footnotes":""},"yst_prominent_words":[],"_links":{"self":[{"href":"https:\/\/teec.org.mx\/web\/wp-json\/wp\/v2\/pages\/666"}],"collection":[{"href":"https:\/\/teec.org.mx\/web\/wp-json\/wp\/v2\/pages"}],"about":[{"href":"https:\/\/teec.org.mx\/web\/wp-json\/wp\/v2\/types\/page"}],"author":[{"embeddable":true,"href":"https:\/\/teec.org.mx\/web\/wp-json\/wp\/v2\/users\/1"}],"replies":[{"embeddable":true,"href":"https:\/\/teec.org.mx\/web\/wp-json\/wp\/v2\/comments?post=666"}],"version-history":[{"count":2,"href":"https:\/\/teec.org.mx\/web\/wp-json\/wp\/v2\/pages\/666\/revisions"}],"predecessor-version":[{"id":2445,"href":"https:\/\/teec.org.mx\/web\/wp-json\/wp\/v2\/pages\/666\/revisions\/2445"}],"wp:attachment":[{"href":"https:\/\/teec.org.mx\/web\/wp-json\/wp\/v2\/media?parent=666"}],"wp:term":[{"taxonomy":"yst_prominent_words","embeddable":true,"href":"https:\/\/teec.org.mx\/web\/wp-json\/wp\/v2\/yst_prominent_words?post=666"}],"curies":[{"name":"wp","href":"https:\/\/api.w.org\/{rel}","templated":true}]}}