{"id":6757,"date":"2020-08-07T15:47:05","date_gmt":"2020-08-07T20:47:05","guid":{"rendered":"https:\/\/teec.org.mx\/web\/?page_id=6757"},"modified":"2022-07-18T12:14:47","modified_gmt":"2022-07-18T17:14:47","slug":"fraccion-xxxib-2018","status":"publish","type":"page","link":"https:\/\/teec.org.mx\/web\/fraccion-xxxib-2018\/","title":{"rendered":"Fracci\u00f3n XXXIb 2018"},"content":{"rendered":"\n<div class=\"wp-block-columns is-layout-flex wp-container-core-columns-layout-1 wp-block-columns-is-layout-flex\">\n<div class=\"wp-block-column is-layout-flow wp-block-column-is-layout-flow\" style=\"flex-basis:5%\"><\/div>\n\n\n\n<div class=\"wp-block-column is-layout-flow wp-block-column-is-layout-flow\" style=\"flex-basis:90%\">\n<h4 class=\"wp-block-heading\">Fracci\u00f3n XXXIb 2018<\/h4>\n\n\n\n<h3 class=\"wp-block-heading\">Informe financieros contables, presupuestales y program\u00e1ticos<\/h3>\n\n\n\n<p><\/p>\n<\/div>\n\n\n\n<div class=\"wp-block-column is-layout-flow wp-block-column-is-layout-flow\" style=\"flex-basis:5%\"><\/div>\n<\/div>\n\n\n\n<div class=\"wp-block-columns is-layout-flex wp-container-core-columns-layout-2 wp-block-columns-is-layout-flex\">\n<div class=\"wp-block-column is-layout-flow wp-block-column-is-layout-flow\" style=\"flex-basis:10%\"><\/div>\n\n\n\n<div class=\"wp-block-column is-layout-flow wp-block-column-is-layout-flow\" style=\"flex-basis:80%\">\n<table style=\"border-collapse: collapse; width: 102.027%; height: 647px;\">\n<tbody>\n<tr style=\"height: 22px;\">\n<td style=\"width: 102.392%; height: 22px; background-color: #020b43;\" colspan=\"5\">\n<h3 style=\"text-align: center;\"><span style=\"color: #ffffff; font-size: 18pt;\">Ejercicio 2018<\/span><\/h3>\n<\/td>\n<\/tr>\n<tr style=\"height: 62px;\">\n<td style=\"width: 31.1233%; height: 62px;\">&nbsp;<\/td>\n<td style=\"width: 16.3237%; height: 62px; text-align: center;\"><span style=\"font-size: 14pt;\"><strong>1er trimestre<\/strong><\/span><\/td>\n<td style=\"width: 16.7364%; height: 62px; text-align: center;\"><span style=\"font-size: 14pt;\"><strong>2do trimestre<\/strong><\/span><\/td>\n<td style=\"width: 17.2508%; height: 62px; text-align: center;\"><span style=\"font-size: 14pt;\"><strong>3er trimestre<\/strong><\/span><\/td>\n<td style=\"width: 20.9579%; height: 62px; text-align: center;\"><span style=\"font-size: 14pt;\"><strong>4to trimestre<\/strong><\/span><\/td>\n<\/tr>\n<tr style=\"height: 22px;\">\n<td style=\"width: 31.1233%; height: 17px; text-align: center;\"><span style=\"font-size: 14pt;\"><strong>Informaci\u00f3n contable<\/strong><\/span><\/td>\n<td style=\"width: 16.3237%; height: 17px;\">&nbsp;<\/td>\n<td style=\"width: 16.7364%; height: 17px;\">&nbsp;<\/td>\n<td style=\"width: 17.2508%; height: 17px;\">&nbsp;<\/td>\n<td style=\"width: 20.9579%; height: 17px;\">&nbsp;<\/td>\n<\/tr>\n<tr style=\"height: 22px;\">\n<td style=\"width: 31.1233%; height: 10px;\">Estado de Situaci\u00f3n Financiera<\/td>\n<td style=\"width: 16.3237%; height: 10px; text-align: center;\"><a href=\"https:\/\/teec.org.mx\/web\/wp-content\/uploads\/2020\/02\/1.-ESF-1er-tri-2018.pdf\" target=\"_blank\" rel=\"noopener noreferrer\">PDF<\/a><\/td>\n<td style=\"width: 16.7364%; height: 10px; text-align: center;\"><a href=\"https:\/\/teec.org.mx\/web\/wp-content\/uploads\/2020\/02\/1.-ESF-2do-tri-2018.pdf\" target=\"_blank\" rel=\"noopener noreferrer\">PDF<\/a><\/td>\n<td style=\"width: 17.2508%; height: 10px; text-align: center;\"><a href=\"https:\/\/teec.org.mx\/web\/wp-content\/uploads\/2020\/02\/1.-ESF-3er-tri-2018.pdf\" target=\"_blank\" rel=\"noopener noreferrer\">PDF<\/a><\/td>\n<td style=\"width: 20.9579%; height: 10px; text-align: center;\"><a href=\"https:\/\/teec.org.mx\/web\/wp-content\/uploads\/2020\/02\/1.-ESF-4to-tri-2018.pdf\" target=\"_blank\" rel=\"noopener noreferrer\">PDF<\/a><\/td>\n<\/tr>\n<tr style=\"height: 22px;\">\n<td style=\"width: 31.1233%; height: 10px;\">Estado de Actividades<\/td>\n<td style=\"width: 16.3237%; height: 10px; text-align: center;\"><a href=\"https:\/\/teec.org.mx\/web\/wp-content\/uploads\/2020\/02\/2.-EA-1er-tri-2018.pdf\" target=\"_blank\" rel=\"noopener noreferrer\">PDF<\/a><\/td>\n<td style=\"width: 16.7364%; height: 10px; text-align: center;\"><a href=\"https:\/\/teec.org.mx\/web\/wp-content\/uploads\/2020\/02\/2.-EA-2do-tri-2018.pdf\" target=\"_blank\" rel=\"noopener noreferrer\">PDF<\/a><\/td>\n<td style=\"width: 17.2508%; height: 10px; text-align: center;\"><a href=\"https:\/\/teec.org.mx\/web\/wp-content\/uploads\/2020\/02\/2.-EA-3er-tri-2018.pdf\" target=\"_blank\" rel=\"noopener noreferrer\">PDF<\/a><\/td>\n<td style=\"width: 20.9579%; height: 10px; text-align: center;\"><a href=\"https:\/\/teec.org.mx\/web\/wp-content\/uploads\/2020\/02\/2.-EA-4to-tri-2018.pdf\" target=\"_blank\" rel=\"noopener noreferrer\">PDF<\/a><\/td>\n<\/tr>\n<tr style=\"height: 22px;\">\n<td style=\"width: 31.1233%; height: 10px;\">Estado de Flujos de Efectivo<\/td>\n<td style=\"width: 16.3237%; height: 10px; text-align: center;\"><a href=\"https:\/\/teec.org.mx\/web\/wp-content\/uploads\/2020\/02\/3.-EFE-1er-tri-2018.pdf\" target=\"_blank\" rel=\"noopener noreferrer\">PDF<\/a><\/td>\n<td style=\"width: 16.7364%; height: 10px; text-align: center;\"><a href=\"https:\/\/teec.org.mx\/web\/wp-content\/uploads\/2020\/02\/3.-EFE-2do-tri-2018.pdf\" target=\"_blank\" rel=\"noopener noreferrer\">PDF<\/a><\/td>\n<td style=\"width: 17.2508%; height: 10px; text-align: center;\"><a href=\"https:\/\/teec.org.mx\/web\/wp-content\/uploads\/2020\/02\/3.-EFE-3er-tri-2018.pdf\" target=\"_blank\" rel=\"noopener noreferrer\">PDF<\/a><\/td>\n<td style=\"width: 20.9579%; height: 10px; text-align: center;\"><a href=\"https:\/\/teec.org.mx\/web\/wp-content\/uploads\/2020\/02\/3.-EFE-4to-tri-2018.pdf\" target=\"_blank\" rel=\"noopener noreferrer\">PDF<\/a><\/td>\n<\/tr>\n<tr style=\"height: 22px;\">\n<td style=\"width: 31.1233%; height: 10px;\">Estado de Variaci\u00f3n en la Hacienda P\u00fablica<\/td>\n<td style=\"width: 16.3237%; height: 10px; text-align: center;\"><a href=\"https:\/\/teec.org.mx\/web\/wp-content\/uploads\/2020\/02\/4.-EVHP-1er-tri-2018.pdf\" target=\"_blank\" rel=\"noopener noreferrer\">PDF<\/a><\/td>\n<td style=\"width: 16.7364%; height: 10px; text-align: center;\"><a href=\"https:\/\/teec.org.mx\/web\/wp-content\/uploads\/2020\/02\/4.-EVHP-2do-tri-2018.pdf\" target=\"_blank\" rel=\"noopener noreferrer\">PDF<\/a><\/td>\n<td style=\"width: 17.2508%; height: 10px; text-align: center;\"><a href=\"https:\/\/teec.org.mx\/web\/wp-content\/uploads\/2020\/02\/4.-EVHP-3er-tri-2018.pdf\" target=\"_blank\" rel=\"noopener noreferrer\">PDF<\/a><\/td>\n<td style=\"width: 20.9579%; height: 10px; text-align: center;\"><a href=\"https:\/\/teec.org.mx\/web\/wp-content\/uploads\/2020\/02\/4.-EVHP-4to-tri-2018.pdf\" target=\"_blank\" rel=\"noopener noreferrer\">PDF<\/a><\/td>\n<\/tr>\n<tr style=\"height: 22px;\">\n<td style=\"width: 31.1233%; height: 10px;\">Estado de Cambios en la Situaci\u00f3n Financiera<\/td>\n<td style=\"width: 16.3237%; height: 10px; text-align: center;\"><a href=\"https:\/\/teec.org.mx\/web\/wp-content\/uploads\/2020\/02\/5.-ECSF-1er-tri-2018.pdf\" target=\"_blank\" rel=\"noopener noreferrer\">PDF<\/a><\/td>\n<td style=\"width: 16.7364%; height: 10px; text-align: center;\"><a href=\"https:\/\/teec.org.mx\/web\/wp-content\/uploads\/2020\/02\/5.-ECSF-2do-tri-2018.pdf\" target=\"_blank\" rel=\"noopener noreferrer\">PDF<\/a><\/td>\n<td style=\"width: 17.2508%; height: 10px; text-align: center;\"><a href=\"https:\/\/teec.org.mx\/web\/wp-content\/uploads\/2020\/02\/5.-ECSF-3er-tri-2018.pdf\" target=\"_blank\" rel=\"noopener noreferrer\">PDF<\/a><\/td>\n<td style=\"width: 20.9579%; height: 10px; text-align: center;\"><a href=\"https:\/\/teec.org.mx\/web\/wp-content\/uploads\/2020\/02\/5.-ECSF-4to-tri-2018.pdf\" target=\"_blank\" rel=\"noopener noreferrer\">PDF<\/a><\/td>\n<\/tr>\n<tr style=\"height: 22px;\">\n<td style=\"width: 31.1233%; height: 10px;\">Informe de Pasivos Contingentes<\/td>\n<td style=\"width: 16.3237%; height: 10px; text-align: center;\"><a href=\"https:\/\/teec.org.mx\/web\/wp-content\/uploads\/2020\/02\/6.-PC-1er-tri-2018.pdf\" target=\"_blank\" rel=\"noopener noreferrer\">PDF<\/a><\/td>\n<td style=\"width: 16.7364%; height: 10px; text-align: center;\"><a href=\"https:\/\/teec.org.mx\/web\/wp-content\/uploads\/2020\/02\/6.-PC-2do-tri-2018.pdf\" target=\"_blank\" rel=\"noopener noreferrer\">PDF<\/a><\/td>\n<td style=\"width: 17.2508%; height: 10px; text-align: center;\"><a href=\"https:\/\/teec.org.mx\/web\/wp-content\/uploads\/2020\/02\/6.-IPC-3er-tri-2018.pdf\" target=\"_blank\" rel=\"noopener noreferrer\">PDF<\/a><\/td>\n<td style=\"width: 20.9579%; height: 10px; text-align: center;\"><a href=\"https:\/\/teec.org.mx\/web\/wp-content\/uploads\/2020\/02\/6.-IPC-4to-tri-2018.pdf\" target=\"_blank\" rel=\"noopener noreferrer\">PDF<\/a><\/td>\n<\/tr>\n<tr style=\"height: 22px;\">\n<td style=\"width: 31.1233%; height: 10px;\">Notas a los Estados Financieros<\/td>\n<td style=\"width: 16.3237%; height: 10px; text-align: center;\"><a href=\"https:\/\/teec.org.mx\/web\/wp-content\/uploads\/2020\/02\/7.-NEF-1er-tri-2018.pdf\" target=\"_blank\" rel=\"noopener noreferrer\">PDF<\/a><\/td>\n<td style=\"width: 16.7364%; height: 10px; text-align: center;\"><a href=\"https:\/\/teec.org.mx\/web\/wp-content\/uploads\/2020\/02\/7.-NEF-2do-tri-2018.pdf\" target=\"_blank\" rel=\"noopener noreferrer\">PDF<\/a><\/td>\n<td style=\"width: 17.2508%; height: 10px; text-align: center;\"><a href=\"https:\/\/teec.org.mx\/web\/wp-content\/uploads\/2020\/02\/7.-NEF-3er-tri-2018.pdf\" target=\"_blank\" rel=\"noopener noreferrer\">PDF<\/a><\/td>\n<td style=\"width: 20.9579%; height: 10px; text-align: center;\"><a href=\"https:\/\/teec.org.mx\/web\/wp-content\/uploads\/2020\/02\/7.-NEF-4to-tri-2018.pdf\" target=\"_blank\" rel=\"noopener noreferrer\">PDF<\/a><\/td>\n<\/tr>\n<tr style=\"height: 33px;\">\n<td style=\"width: 31.1233%; height: 19px;\">Estado Anal\u00edtico del Activo<\/td>\n<td style=\"width: 16.3237%; height: 19px; text-align: center;\"><a href=\"https:\/\/teec.org.mx\/web\/wp-content\/uploads\/2020\/02\/8.-EAA-1er-tri-2018.pdf\" target=\"_blank\" rel=\"noopener noreferrer\">PDF<\/a><\/td>\n<td style=\"width: 16.7364%; height: 19px; text-align: center;\"><a href=\"https:\/\/teec.org.mx\/web\/wp-content\/uploads\/2020\/02\/8.-EAA-2do-tri-2018.pdf\" target=\"_blank\" rel=\"noopener noreferrer\">PDF<\/a><\/td>\n<td style=\"width: 17.2508%; height: 19px; text-align: center;\"><a href=\"https:\/\/teec.org.mx\/web\/wp-content\/uploads\/2020\/02\/8.-EAA-3er-tri-2018.pdf\" target=\"_blank\" rel=\"noopener noreferrer\">PDF<\/a><\/td>\n<td style=\"width: 20.9579%; height: 19px; text-align: center;\"><a href=\"https:\/\/teec.org.mx\/web\/wp-content\/uploads\/2020\/02\/8.-EAA-4to-tri-2018.pdf\" target=\"_blank\" rel=\"noopener noreferrer\">PDF<\/a><\/td>\n<\/tr>\n<tr style=\"height: 49px;\">\n<td style=\"width: 31.1233%; height: 33px;\">Estado Anal\u00edtico de la Deuda y otros Pasivos<\/td>\n<td style=\"width: 16.3237%; height: 33px; text-align: center;\"><a href=\"https:\/\/teec.org.mx\/web\/wp-content\/uploads\/2020\/02\/9.-EADOP-1er-tri-2018.pdf\" target=\"_blank\" rel=\"noopener noreferrer\">PDF<\/a><\/td>\n<td style=\"width: 16.7364%; height: 33px; text-align: center;\"><a href=\"https:\/\/teec.org.mx\/web\/wp-content\/uploads\/2020\/02\/9.-EADOP-2do-tri-2018.pdf\" target=\"_blank\" rel=\"noopener noreferrer\">PDF<\/a><\/td>\n<td style=\"width: 17.2508%; height: 33px; text-align: center;\"><a href=\"https:\/\/teec.org.mx\/web\/wp-content\/uploads\/2020\/02\/9.-EADOP-3er-tri-2018.pdf\" target=\"_blank\" rel=\"noopener noreferrer\">PDF<\/a><\/td>\n<td style=\"width: 20.9579%; height: 33px; text-align: center;\"><a href=\"https:\/\/teec.org.mx\/web\/wp-content\/uploads\/2020\/02\/9.-EADOP-4to-tri-2018.pdf\" target=\"_blank\" rel=\"noopener noreferrer\">PDF<\/a><\/td>\n<\/tr>\n<tr style=\"height: 23px;\">\n<td style=\"width: 31.1233%; height: 10px; text-align: center;\"><span style=\"font-size: 14pt;\"><strong>Informaci\u00f3n Presupuestal<\/strong><\/span><\/td>\n<td style=\"width: 16.3237%; height: 10px; text-align: center;\">&nbsp;<\/td>\n<td style=\"width: 16.7364%; height: 10px; text-align: center;\">&nbsp;<\/td>\n<td style=\"width: 17.2508%; height: 10px;\">&nbsp;<\/td>\n<td style=\"width: 20.9579%; height: 10px;\">&nbsp;<\/td>\n<\/tr>\n<tr style=\"height: 23px;\">\n<td style=\"width: 31.1233%; height: 10px;\">Estado Anal\u00edtico del Ejercicio del Presupuesto de Egresos Clasificaci\u00f3n Administrativa<\/td>\n<td style=\"width: 16.3237%; height: 10px; text-align: center;\"><a href=\"https:\/\/teec.org.mx\/web\/wp-content\/uploads\/2020\/02\/2.1.-EAEPE-Clasificacion-Admin-1er-tri-2018.pdf\" target=\"_blank\" rel=\"noopener noreferrer\">PDF<\/a><\/td>\n<td style=\"width: 16.7364%; height: 10px; text-align: center;\"><a href=\"https:\/\/teec.org.mx\/web\/wp-content\/uploads\/2020\/02\/2a.-EAEPE-CA-2do-tri-2018.pdf\" target=\"_blank\" rel=\"noopener noreferrer\">PDF<\/a><\/td>\n<td style=\"width: 17.2508%; height: 10px; text-align: center;\"><a href=\"https:\/\/teec.org.mx\/web\/wp-content\/uploads\/2020\/02\/2a.-EAEPE-CA-3er-tri-2018.pdf\" target=\"_blank\" rel=\"noopener noreferrer\">PDF<\/a><\/td>\n<td style=\"width: 20.9579%; height: 10px; text-align: center;\"><a href=\"https:\/\/teec.org.mx\/web\/wp-content\/uploads\/2020\/02\/2a.-EAEPE-CA-4to-tri-2018.pdf\" target=\"_blank\" rel=\"noopener noreferrer\">PDF<\/a><\/td>\n<\/tr>\n<tr style=\"height: 10px;\">\n<td style=\"width: 31.1233%; height: 10px;\">Estado Anal\u00edtico del Ejercicio del Presupuesto de Egresos Clasificaci\u00f3n Econ\u00f3mica<\/td>\n<td style=\"width: 16.3237%; height: 10px; text-align: center;\"><a href=\"https:\/\/teec.org.mx\/web\/wp-content\/uploads\/2020\/02\/2.2.-EAEPE-Clasificacion-Eco.-1er-tri-2018.pdf\" target=\"_blank\" rel=\"noopener noreferrer\">PDF<\/a><\/td>\n<td style=\"width: 16.7364%; height: 10px; text-align: center;\"><a href=\"https:\/\/teec.org.mx\/web\/wp-content\/uploads\/2020\/02\/2b.-EAEPE-CE-2do-tri-2018.pdf\" target=\"_blank\" rel=\"noopener noreferrer\">PDF<\/a><\/td>\n<td style=\"width: 17.2508%; height: 10px; text-align: center;\"><a href=\"https:\/\/teec.org.mx\/web\/wp-content\/uploads\/2020\/02\/2b.-EAEPE-CE-3er-tri-2018.pdf\" target=\"_blank\" rel=\"noopener noreferrer\">PDF<\/a><\/td>\n<td style=\"width: 20.9579%; height: 10px; text-align: center;\"><a href=\"https:\/\/teec.org.mx\/web\/wp-content\/uploads\/2020\/02\/2b.-EAEPE-CE-4to-tri-2018.pdf\" target=\"_blank\" rel=\"noopener noreferrer\">PDF<\/a><\/td>\n<\/tr>\n<tr style=\"height: 16px;\">\n<td style=\"width: 31.1233%; height: 10px;\">Estado Anal\u00edtico del Ejercicio del Presupuesto de Egresos Clasificaci\u00f3n Funcional<\/td>\n<td style=\"width: 16.3237%; height: 10px; text-align: center;\"><a href=\"https:\/\/teec.org.mx\/web\/wp-content\/uploads\/2020\/02\/2.3.-EAEPE-Clasificacion-Funcional-1er-tri-2018.pdf\" target=\"_blank\" rel=\"noopener noreferrer\">PDF<\/a><\/td>\n<td style=\"width: 16.7364%; height: 10px; text-align: center;\"><a href=\"https:\/\/teec.org.mx\/web\/wp-content\/uploads\/2020\/02\/2c.-EAEPE-CF-2do-tri-2018.pdf\" target=\"_blank\" rel=\"noopener noreferrer\">PDF<\/a><\/td>\n<td style=\"width: 17.2508%; height: 10px; text-align: center;\"><a href=\"https:\/\/teec.org.mx\/web\/wp-content\/uploads\/2020\/02\/2c.-EAEPE-CF-3er-tri-2018.pdf\" target=\"_blank\" rel=\"noopener noreferrer\">PDF<\/a><\/td>\n<td style=\"width: 20.9579%; height: 10px; text-align: center;\"><a href=\"https:\/\/teec.org.mx\/web\/wp-content\/uploads\/2020\/02\/2c.-EAEPE-CF-4to-tri-2018.pdf\" target=\"_blank\" rel=\"noopener noreferrer\">PDF<\/a><\/td>\n<\/tr>\n<tr style=\"height: 10px;\">\n<td style=\"width: 31.1233%; height: 10px;\">Estado Anal\u00edtico del Ejercicio del Presupuesto de Egresos Clasificaci\u00f3n por Objeto del Gasto<\/td>\n<td style=\"width: 16.3237%; height: 10px; text-align: center;\"><a href=\"https:\/\/teec.org.mx\/web\/wp-content\/uploads\/2020\/02\/2.4.-EAEPE-COG-1er-tri-2018.pdf\" target=\"_blank\" rel=\"noopener noreferrer\">PDF<\/a><\/td>\n<td style=\"width: 16.7364%; height: 10px; text-align: center;\"><a href=\"https:\/\/teec.org.mx\/web\/wp-content\/uploads\/2020\/02\/2d.-EAEPE-COG-2do-tri-2018.pdf\" target=\"_blank\" rel=\"noopener noreferrer\">PDF<\/a><\/td>\n<td style=\"width: 17.2508%; height: 10px; text-align: center;\"><a href=\"https:\/\/teec.org.mx\/web\/wp-content\/uploads\/2020\/02\/2d.-EAEPE-COG-3er-tri-20108.pdf\" target=\"_blank\" rel=\"noopener noreferrer\">PDF<\/a><\/td>\n<td style=\"width: 20.9579%; height: 10px; text-align: center;\"><a href=\"https:\/\/teec.org.mx\/web\/wp-content\/uploads\/2020\/02\/2d.-EAEPE-COG-4to-tri-2018.pdf\" target=\"_blank\" rel=\"noopener noreferrer\">PDF<\/a><\/td>\n<\/tr>\n<tr style=\"height: 34px;\">\n<td style=\"width: 31.1233%; height: 25px; text-align: center;\"><span style=\"font-size: 14pt;\"><strong>Informaci\u00f3n Program\u00e1tica<\/strong><\/span><\/td>\n<td style=\"width: 16.3237%; height: 25px; text-align: center;\">&nbsp;<\/td>\n<td style=\"width: 16.7364%; height: 25px; text-align: center;\">&nbsp;<\/td>\n<td style=\"width: 17.2508%; height: 25px;\">&nbsp;<\/td>\n<td style=\"width: 20.9579%; height: 25px;\">&nbsp;<\/td>\n<\/tr>\n<tr style=\"height: 29px;\">\n<td style=\"width: 31.1233%; height: 16px;\">Gasto por Categor\u00eda Program\u00e1tica<\/td>\n<td style=\"width: 16.3237%; height: 16px; text-align: center;\"><a href=\"https:\/\/teec.org.mx\/web\/wp-content\/uploads\/2020\/02\/1.-GCP-1er-tri-2018.pdf\" target=\"_blank\" rel=\"noopener noreferrer\">PDF<\/a><\/td>\n<td style=\"width: 16.7364%; height: 16px; text-align: center;\"><a href=\"https:\/\/teec.org.mx\/web\/wp-content\/uploads\/2020\/02\/1.-GCP-2do-tri-2018.pdf\" target=\"_blank\" rel=\"noopener noreferrer\">PDF<\/a><\/td>\n<td style=\"width: 17.2508%; height: 16px; text-align: center;\"><a href=\"https:\/\/teec.org.mx\/web\/wp-content\/uploads\/2020\/02\/1.-GCP-3er-tri-2018.pdf\" target=\"_blank\" rel=\"noopener noreferrer\">PDF<\/a><\/td>\n<td style=\"width: 20.9579%; height: 16px; text-align: center;\"><a href=\"https:\/\/teec.org.mx\/web\/wp-content\/uploads\/2020\/02\/1.-GCP-4to-tri-2018.pdf\" target=\"_blank\" rel=\"noopener noreferrer\">PDF<\/a><\/td>\n<\/tr>\n<tr style=\"height: 24px;\">\n<td style=\"width: 31.1233%; height: 10px;\">Programa y Proyectos de Inversi\u00f3n<\/td>\n<td style=\"width: 16.3237%; height: 10px; text-align: center;\"><a href=\"https:\/\/teec.org.mx\/web\/wp-content\/uploads\/2020\/02\/2.-PPInversion-1er-tri-2018.pdf\" target=\"_blank\" rel=\"noopener noreferrer\">PDF<\/a><\/td>\n<td style=\"width: 16.7364%; height: 10px; text-align: center;\"><a href=\"https:\/\/teec.org.mx\/web\/wp-content\/uploads\/2020\/02\/2.-PPI-2do-tri-2018.pdf\" target=\"_blank\" rel=\"noopener noreferrer\">PDF<\/a><\/td>\n<td style=\"width: 17.2508%; height: 10px; text-align: center;\"><a href=\"https:\/\/teec.org.mx\/web\/wp-content\/uploads\/2020\/02\/2.-PPI-3er-tri-2018.pdf\" target=\"_blank\" rel=\"noopener noreferrer\">PDF<\/a><\/td>\n<td style=\"width: 20.9579%; height: 10px; text-align: center;\"><a href=\"https:\/\/teec.org.mx\/web\/wp-content\/uploads\/2020\/02\/2.-PPI-4to-tri-2018.pdf\" target=\"_blank\" rel=\"noopener noreferrer\">PDF<\/a><\/td>\n<\/tr>\n<tr style=\"height: 69px;\">\n<td style=\"width: 31.1233%; height: 46px;\">Indicadores para Resultados Proporci\u00f3n Gasto Programable<\/td>\n<td style=\"width: 16.3237%; height: 46px; text-align: center;\"><a href=\"https:\/\/teec.org.mx\/web\/wp-content\/uploads\/2020\/02\/3.1-PGP-1er-tri-2018.pdf\" target=\"_blank\" rel=\"noopener noreferrer\">PDF<\/a><\/td>\n<td style=\"width: 16.7364%; height: 46px; text-align: center;\"><a href=\"https:\/\/teec.org.mx\/web\/wp-content\/uploads\/2020\/02\/3.1-PGP-2do-tri-2018.pdf\" target=\"_blank\" rel=\"noopener noreferrer\">PDF<\/a><\/td>\n<td style=\"width: 17.2508%; height: 46px; text-align: center;\"><a href=\"https:\/\/teec.org.mx\/web\/wp-content\/uploads\/2020\/02\/3.1-PGP-3er-tri-2018.pdf\" target=\"_blank\" rel=\"noopener noreferrer\">PDF<\/a><\/td>\n<td style=\"width: 20.9579%; height: 46px; text-align: center;\"><a href=\"https:\/\/teec.org.mx\/web\/wp-content\/uploads\/2020\/02\/3.1-PGP-4to-tri-2018.pdf\" target=\"_blank\" rel=\"noopener noreferrer\">PDF<\/a><\/td>\n<\/tr>\n<tr style=\"height: 81px;\">\n<td style=\"width: 31.1233%; height: 61px;\">Indicadores para Resultados Proporci\u00f3n Gasto de Operaci\u00f3n<\/td>\n<td style=\"width: 16.3237%; height: 61px; text-align: center;\"><a href=\"https:\/\/teec.org.mx\/web\/wp-content\/uploads\/2020\/02\/3.2-PGO-1er-tri-2018.pdf\" target=\"_blank\" rel=\"noopener noreferrer\">PDF<\/a><\/td>\n<td style=\"width: 16.7364%; height: 61px; text-align: center;\"><a href=\"https:\/\/teec.org.mx\/web\/wp-content\/uploads\/2020\/02\/3.2-PGO-2do-tri-2018.pdf\" target=\"_blank\" rel=\"noopener noreferrer\">PDF<\/a><\/td>\n<td style=\"width: 17.2508%; height: 61px; text-align: center;\"><a href=\"https:\/\/teec.org.mx\/web\/wp-content\/uploads\/2020\/02\/3.2-PGO-3er-tri-2018.pdf\" target=\"_blank\" rel=\"noopener noreferrer\">PDF<\/a><\/td>\n<td style=\"width: 20.9579%; height: 61px; text-align: center;\"><a href=\"https:\/\/teec.org.mx\/web\/wp-content\/uploads\/2020\/02\/3.2-PGO-4to-tri-2018.pdf\" target=\"_blank\" rel=\"noopener noreferrer\">PDF<\/a><\/td>\n<\/tr>\n<tr style=\"height: 74px;\">\n<td style=\"width: 31.1233%; height: 58px;\">Indicadores para Resultados Proporci\u00f3n Gasto de Inversi\u00f3n<\/td>\n<td style=\"width: 16.3237%; height: 58px; text-align: center;\"><a href=\"https:\/\/teec.org.mx\/web\/wp-content\/uploads\/2020\/02\/3.3-PGIC-1er-tri-2018.pdf\" target=\"_blank\" rel=\"noopener noreferrer\">PDF<\/a><\/td>\n<td style=\"width: 16.7364%; height: 58px; text-align: center;\"><a href=\"https:\/\/teec.org.mx\/web\/wp-content\/uploads\/2020\/02\/3.3.-PGIC-2do-tri-2018.pdf\" target=\"_blank\" rel=\"noopener noreferrer\">PDF<\/a><\/td>\n<td style=\"width: 17.2508%; height: 58px; text-align: center;\"><a href=\"https:\/\/teec.org.mx\/web\/wp-content\/uploads\/2020\/02\/3.3-PGIC-3er-tri-2018.pdf\" target=\"_blank\" rel=\"noopener noreferrer\">PDF<\/a><\/td>\n<td style=\"width: 20.9579%; height: 58px; text-align: center;\"><a href=\"https:\/\/teec.org.mx\/web\/wp-content\/uploads\/2020\/02\/3.3-PGIC-4to-tri-2018.pdf\" target=\"_blank\" rel=\"noopener noreferrer\">PDF<\/a><\/td>\n<\/tr>\n<tr style=\"height: 118px;\">\n<td style=\"width: 31.1233%; height: 99px;\">Indicadores para Resultados Servicios Personales en el Gasto de Operaci\u00f3n<\/td>\n<td style=\"width: 16.3237%; height: 99px; text-align: center;\"><a href=\"https:\/\/teec.org.mx\/web\/wp-content\/uploads\/2020\/02\/3.4-SPGO-1er-tri-2018.pdf\" target=\"_blank\" rel=\"noopener noreferrer\">PDF<\/a><\/td>\n<td style=\"width: 16.7364%; height: 99px; text-align: center;\"><a href=\"https:\/\/teec.org.mx\/web\/wp-content\/uploads\/2020\/02\/3.4.-SPGO-2do-tri-2018.pdf\" target=\"_blank\" rel=\"noopener noreferrer\">PDF<\/a><\/td>\n<td style=\"width: 17.2508%; height: 99px; text-align: center;\"><a href=\"https:\/\/teec.org.mx\/web\/wp-content\/uploads\/2020\/02\/3.4-SPGO-3er-tri-2018.pdf\" target=\"_blank\" rel=\"noopener noreferrer\">PDF<\/a><\/td>\n<td style=\"width: 20.9579%; height: 99px; text-align: center;\"><a href=\"https:\/\/teec.org.mx\/web\/wp-content\/uploads\/2020\/02\/3.4-SPGO-4to-tri-2018.pdf\" target=\"_blank\" rel=\"noopener noreferrer\">PDF<\/a><\/td>\n<\/tr>\n<tr style=\"height: 76px;\">\n<td style=\"width: 31.1233%; height: 59px;\">Indicadores para Resultados Proporci\u00f3n de los Servicios Personales<\/td>\n<td style=\"width: 16.3237%; height: 59px; text-align: center;\"><a href=\"https:\/\/teec.org.mx\/web\/wp-content\/uploads\/2020\/02\/3.5-PSP-1er-tri-2018.pdf\" target=\"_blank\" rel=\"noopener noreferrer\">PDF<\/a><\/td>\n<td style=\"width: 16.7364%; height: 59px; text-align: center;\"><a href=\"https:\/\/teec.org.mx\/web\/wp-content\/uploads\/2020\/02\/3.5.-PSP-2do-tri-2018.pdf\" target=\"_blank\" rel=\"noopener noreferrer\">PDF<\/a><\/td>\n<td style=\"width: 17.2508%; height: 59px; text-align: center;\"><a href=\"https:\/\/teec.org.mx\/web\/wp-content\/uploads\/2020\/02\/3.5.-PSP-3er-tri-2018.pdf\" target=\"_blank\" rel=\"noopener noreferrer\">PDF<\/a><\/td>\n<td style=\"width: 20.9579%; height: 59px; text-align: center;\"><a href=\"https:\/\/teec.org.mx\/web\/wp-content\/uploads\/2020\/02\/3.5-PSP-4to-tri-2018.pdf\" target=\"_blank\" rel=\"noopener noreferrer\">PDF<\/a><\/td>\n<\/tr>\n<\/tbody>\n<\/table>\n<p>&nbsp;<\/p>\n<\/div>\n\n\n\n<div class=\"wp-block-column is-layout-flow wp-block-column-is-layout-flow\" style=\"flex-basis:5%\"><\/div>\n<\/div>\n\n\n\n<p><\/p>\n","protected":false},"excerpt":{"rendered":"<p>Fracci\u00f3n XXXIb 2018 Informe financieros contables, presupuestales y program\u00e1ticos Ejercicio 2018 &nbsp; 1er trimestre 2do trimestre 3er trimestre 4to trimestre Informaci\u00f3n contable &nbsp; &nbsp; &nbsp; &nbsp; Estado de Situaci\u00f3n Financiera PDF PDF PDF PDF Estado de Actividades PDF PDF PDF PDF Estado de Flujos de Efectivo PDF PDF PDF PDF Estado de Variaci\u00f3n en la [&hellip;]<\/p>\n","protected":false},"author":1,"featured_media":0,"parent":0,"menu_order":0,"comment_status":"closed","ping_status":"closed","template":"","meta":{"footnotes":""},"yst_prominent_words":[268,465,297,732,419,731,298,267,264,274,736,734,733,493,730,263,737,735,266,265],"_links":{"self":[{"href":"https:\/\/teec.org.mx\/web\/wp-json\/wp\/v2\/pages\/6757"}],"collection":[{"href":"https:\/\/teec.org.mx\/web\/wp-json\/wp\/v2\/pages"}],"about":[{"href":"https:\/\/teec.org.mx\/web\/wp-json\/wp\/v2\/types\/page"}],"author":[{"embeddable":true,"href":"https:\/\/teec.org.mx\/web\/wp-json\/wp\/v2\/users\/1"}],"replies":[{"embeddable":true,"href":"https:\/\/teec.org.mx\/web\/wp-json\/wp\/v2\/comments?post=6757"}],"version-history":[{"count":15,"href":"https:\/\/teec.org.mx\/web\/wp-json\/wp\/v2\/pages\/6757\/revisions"}],"predecessor-version":[{"id":16243,"href":"https:\/\/teec.org.mx\/web\/wp-json\/wp\/v2\/pages\/6757\/revisions\/16243"}],"wp:attachment":[{"href":"https:\/\/teec.org.mx\/web\/wp-json\/wp\/v2\/media?parent=6757"}],"wp:term":[{"taxonomy":"yst_prominent_words","embeddable":true,"href":"https:\/\/teec.org.mx\/web\/wp-json\/wp\/v2\/yst_prominent_words?post=6757"}],"curies":[{"name":"wp","href":"https:\/\/api.w.org\/{rel}","templated":true}]}}