{"id":6768,"date":"2020-08-07T17:43:51","date_gmt":"2020-08-07T22:43:51","guid":{"rendered":"https:\/\/teec.org.mx\/web\/?page_id=6768"},"modified":"2026-03-06T13:22:44","modified_gmt":"2026-03-06T19:22:44","slug":"fraccion-xxxiii","status":"publish","type":"page","link":"https:\/\/teec.org.mx\/web\/fraccion-xxxiii\/","title":{"rendered":"Fracci\u00f3n XXXIII"},"content":{"rendered":"\n<div class=\"wp-block-columns is-layout-flex wp-container-core-columns-layout-1 wp-block-columns-is-layout-flex\">\n<div class=\"wp-block-column is-layout-flow wp-block-column-is-layout-flow\" style=\"flex-basis:5%\"><\/div>\n\n\n\n<div class=\"wp-block-column is-layout-flow wp-block-column-is-layout-flow\" style=\"flex-basis:90%\">\n<h4 class=\"wp-block-heading\">Fracci\u00f3n XXXIII<\/h4>\n\n\n\n<h3 class=\"wp-block-heading\">Los convenios de coordinaci\u00f3n de concertaci\u00f3n con los sectores social y privados<\/h3>\n<\/div>\n\n\n\n<div class=\"wp-block-column is-layout-flow wp-block-column-is-layout-flow\" style=\"flex-basis:5%\"><\/div>\n<\/div>\n\n\n\n<div class=\"wp-block-columns is-layout-flex wp-container-core-columns-layout-2 wp-block-columns-is-layout-flex\">\n<div class=\"wp-block-column is-layout-flow wp-block-column-is-layout-flow\" style=\"flex-basis:15%\"><\/div>\n\n\n\n<div class=\"wp-block-column is-layout-flow wp-block-column-is-layout-flow\" style=\"flex-basis:80%\">\n<p>\u00a0<\/p>\n<h3 style=\"text-align: justify;\"><em><span style=\"font-size: 24pt;\"><strong>No Aplica<\/strong><\/span><\/em><\/h3>\n<p style=\"text-align: justify;\"><em><span style=\"font-size: 18pt;\">Toda vez que no es parte del objeto ni de las atribuciones jur\u00eddico\u2013administrativas del Tribunal Electoral del Estado de Campeche, establecido el art. 621 Ley de Instituciones y Procedimientos Electorales del Estado de Campeche.<\/span><\/em><\/p>\n<p>\u00a0<\/p>\n\n\n\n<p><\/p>\n<\/div>\n\n\n\n<div class=\"wp-block-column is-layout-flow wp-block-column-is-layout-flow\" style=\"flex-basis:15%\"><\/div>\n<\/div>\n\n\n\n<p><\/p>\n","protected":false},"excerpt":{"rendered":"<p>Fracci\u00f3n XXXIII Los convenios de coordinaci\u00f3n de concertaci\u00f3n con los sectores social y privados \u00a0 No Aplica Toda vez que no es parte del objeto ni de las atribuciones jur\u00eddico\u2013administrativas del Tribunal Electoral del Estado de Campeche, establecido el art. 621 Ley de Instituciones y Procedimientos Electorales del Estado de Campeche. \u00a0<\/p>\n","protected":false},"author":1,"featured_media":0,"parent":0,"menu_order":0,"comment_status":"closed","ping_status":"closed","template":"","meta":{"footnotes":""},"yst_prominent_words":[61],"_links":{"self":[{"href":"https:\/\/teec.org.mx\/web\/wp-json\/wp\/v2\/pages\/6768"}],"collection":[{"href":"https:\/\/teec.org.mx\/web\/wp-json\/wp\/v2\/pages"}],"about":[{"href":"https:\/\/teec.org.mx\/web\/wp-json\/wp\/v2\/types\/page"}],"author":[{"embeddable":true,"href":"https:\/\/teec.org.mx\/web\/wp-json\/wp\/v2\/users\/1"}],"replies":[{"embeddable":true,"href":"https:\/\/teec.org.mx\/web\/wp-json\/wp\/v2\/comments?post=6768"}],"version-history":[{"count":12,"href":"https:\/\/teec.org.mx\/web\/wp-json\/wp\/v2\/pages\/6768\/revisions"}],"predecessor-version":[{"id":28428,"href":"https:\/\/teec.org.mx\/web\/wp-json\/wp\/v2\/pages\/6768\/revisions\/28428"}],"wp:attachment":[{"href":"https:\/\/teec.org.mx\/web\/wp-json\/wp\/v2\/media?parent=6768"}],"wp:term":[{"taxonomy":"yst_prominent_words","embeddable":true,"href":"https:\/\/teec.org.mx\/web\/wp-json\/wp\/v2\/yst_prominent_words?post=6768"}],"curies":[{"name":"wp","href":"https:\/\/api.w.org\/{rel}","templated":true}]}}