{"id":6794,"date":"2020-08-07T19:36:33","date_gmt":"2020-08-08T00:36:33","guid":{"rendered":"https:\/\/teec.org.mx\/web\/?page_id=6794"},"modified":"2026-02-04T13:26:27","modified_gmt":"2026-02-04T19:26:27","slug":"fraccion-xxxv","status":"publish","type":"page","link":"https:\/\/teec.org.mx\/web\/fraccion-xxxv\/","title":{"rendered":"Fracci\u00f3n XXXV"},"content":{"rendered":"\n<div class=\"wp-block-columns is-layout-flex wp-container-core-columns-layout-1 wp-block-columns-is-layout-flex\">\n<div class=\"wp-block-column is-layout-flow wp-block-column-is-layout-flow\" style=\"flex-basis:5%\"><\/div>\n\n\n\n<div class=\"wp-block-column is-layout-flow wp-block-column-is-layout-flow\" style=\"flex-basis:90%\">\n<h4 class=\"wp-block-heading\">Fracci\u00f3n XXXV<\/h4>\n\n\n\n<h3 class=\"wp-block-heading\">Recomendaciones al Tribunal Electoral del Estado de Campeche<\/h3>\n\n\n\n<div class=\"wp-block-buttons is-layout-flex wp-block-buttons-is-layout-flex\">\n<div class=\"wp-block-button is-style-fill\"><a class=\"wp-block-button__link has-white-color has-text-color has-background wp-element-button\" href=\"https:\/\/teec.org.mx\/web\/wp-content\/uploads\/2026\/02\/Fraccion-XXXV-4to-tri-2025.zip\" style=\"background-color:#020b43\">Descargar formatos SIPOT_PNT<\/a><\/div>\n<\/div>\n<\/div>\n\n\n\n<div class=\"wp-block-column is-layout-flow wp-block-column-is-layout-flow\" style=\"flex-basis:5%\"><\/div>\n<\/div>\n\n\n\n<div class=\"wp-block-columns is-layout-flex wp-container-core-columns-layout-2 wp-block-columns-is-layout-flex\">\n<div class=\"wp-block-column is-layout-flow wp-block-column-is-layout-flow\" style=\"flex-basis:10%\"><\/div>\n\n\n\n<div class=\"wp-block-column is-layout-flow wp-block-column-is-layout-flow\" style=\"flex-basis:80%\">\n<p>&nbsp;<\/p>\n<ol style=\"list-style-type: lower-alpha;\">\n<li style=\"text-align: justify;\"><span style=\"font-size: 18pt;\">Recomendaciones emitidas por la Comisi\u00f3n Nacional de Derechos Humanos u organismo p\u00fablico de derechos humanos al Tribunal Electoral del Estado de Campeche<\/span>\n<ul>\n<li style=\"text-align: justify;\"><span style=\"font-size: 18pt;\"><em><strong>Nota: Por el periodo comprendido en este trimestre de 2025, no se han emitido recomendaciones por los \u00f3rganos p\u00fablicos del Estado Mexicano u organismos internacionales garantes de los Derechos Humanos, a este Tribunal<\/strong><\/em><\/span><\/li>\n<\/ul>\n<\/li>\n<li style=\"text-align: justify;\"><span style=\"font-size: 18pt;\">Casos especiales emitidos por la CNDH u otros organismos de protecci\u00f3n de derechos humanos<\/span>\n<ul>\n<li style=\"text-align: justify;\"><span style=\"font-size: 18pt;\"><em><strong>Nota: Por el periodo comprendido en este trimestre de 2025 no se han emitido casos especiales por la CNDH u otros \u00f3rganos p\u00fablicos del Estado<\/strong><\/em><\/span><\/li>\n<\/ul>\n<\/li>\n<li style=\"text-align: justify;\"><span style=\"font-size: 18pt;\">Recomendaciones emitidas por Organismos internacionales al Tribunal Electoral del Estado de Campeche<\/span>\n<ul>\n<li style=\"text-align: justify;\"><span style=\"font-size: 18pt;\"><em><strong>Nota: Por el periodo comprendido en este trimestre de 2025, no se han emitido recomendaciones por los \u00f3rganos p\u00fablicos del Estado Mexicano u organismos internacionales garantes de los Derechos Humanos, a este Tribunal<\/strong><\/em><\/span><\/li>\n<\/ul>\n<\/li>\n<\/ol>\n<p>&nbsp;<\/p>\n<\/div>\n\n\n\n<div class=\"wp-block-column is-layout-flow wp-block-column-is-layout-flow\" style=\"flex-basis:10%\"><\/div>\n<\/div>\n\n\n\n<p><\/p>\n","protected":false},"excerpt":{"rendered":"<p>Fracci\u00f3n XXXV Recomendaciones al Tribunal Electoral del Estado de Campeche &nbsp; Recomendaciones emitidas por la Comisi\u00f3n Nacional de Derechos Humanos u organismo p\u00fablico de derechos humanos al Tribunal Electoral del Estado de Campeche Nota: Por el periodo comprendido en este trimestre de 2025, no se han emitido recomendaciones por los \u00f3rganos p\u00fablicos del Estado Mexicano [&hellip;]<\/p>\n","protected":false},"author":1,"featured_media":0,"parent":0,"menu_order":0,"comment_status":"closed","ping_status":"closed","template":"","meta":{"footnotes":""},"yst_prominent_words":[771,757,770,781,775,769,776,782,768,780,772,767,779,774,778,777,766,760,25],"_links":{"self":[{"href":"https:\/\/teec.org.mx\/web\/wp-json\/wp\/v2\/pages\/6794"}],"collection":[{"href":"https:\/\/teec.org.mx\/web\/wp-json\/wp\/v2\/pages"}],"about":[{"href":"https:\/\/teec.org.mx\/web\/wp-json\/wp\/v2\/types\/page"}],"author":[{"embeddable":true,"href":"https:\/\/teec.org.mx\/web\/wp-json\/wp\/v2\/users\/1"}],"replies":[{"embeddable":true,"href":"https:\/\/teec.org.mx\/web\/wp-json\/wp\/v2\/comments?post=6794"}],"version-history":[{"count":29,"href":"https:\/\/teec.org.mx\/web\/wp-json\/wp\/v2\/pages\/6794\/revisions"}],"predecessor-version":[{"id":32636,"href":"https:\/\/teec.org.mx\/web\/wp-json\/wp\/v2\/pages\/6794\/revisions\/32636"}],"wp:attachment":[{"href":"https:\/\/teec.org.mx\/web\/wp-json\/wp\/v2\/media?parent=6794"}],"wp:term":[{"taxonomy":"yst_prominent_words","embeddable":true,"href":"https:\/\/teec.org.mx\/web\/wp-json\/wp\/v2\/yst_prominent_words?post=6794"}],"curies":[{"name":"wp","href":"https:\/\/api.w.org\/{rel}","templated":true}]}}