{"id":6831,"date":"2020-08-07T22:34:54","date_gmt":"2020-08-08T03:34:54","guid":{"rendered":"https:\/\/teec.org.mx\/web\/?page_id=6831"},"modified":"2026-02-04T13:22:24","modified_gmt":"2026-02-04T19:22:24","slug":"fraccion-xli","status":"publish","type":"page","link":"https:\/\/teec.org.mx\/web\/fraccion-xli\/","title":{"rendered":"Fracci\u00f3n XLI"},"content":{"rendered":"\n<div class=\"wp-block-columns is-layout-flex wp-container-core-columns-layout-1 wp-block-columns-is-layout-flex\">\n<div class=\"wp-block-column is-layout-flow wp-block-column-is-layout-flow\" style=\"flex-basis:5%\"><\/div>\n\n\n\n<div class=\"wp-block-column is-layout-flow wp-block-column-is-layout-flow\" style=\"flex-basis:70%\">\n<h4 class=\"wp-block-heading\">Fracci\u00f3n XLI<\/h4>\n\n\n\n<h3 class=\"wp-block-heading\">Estudios financiados con recursos p\u00fablicos<\/h3>\n\n\n\n<div class=\"wp-block-buttons is-layout-flex wp-block-buttons-is-layout-flex\">\n<div class=\"wp-block-button is-style-fill\"><a class=\"wp-block-button__link has-white-color has-text-color has-background wp-element-button\" href=\"https:\/\/teec.org.mx\/web\/wp-content\/uploads\/2026\/02\/Fraccion-XLI-4to-tri-2025.zip\" style=\"background-color:#020b43\">Descargar formatos SIPOT_PNT<\/a><\/div>\n<\/div>\n<\/div>\n\n\n\n<div class=\"wp-block-column is-layout-flow wp-block-column-is-layout-flow\" style=\"flex-basis:5%\"><\/div>\n<\/div>\n\n\n\n<div class=\"wp-block-columns is-layout-flex wp-container-core-columns-layout-2 wp-block-columns-is-layout-flex\">\n<div class=\"wp-block-column is-layout-flow wp-block-column-is-layout-flow\" style=\"flex-basis:15%\"><\/div>\n\n\n\n<div class=\"wp-block-column is-layout-flow wp-block-column-is-layout-flow\" style=\"flex-basis:70%\">\n<p>&nbsp;<\/p>\n<h3 style=\"text-align: justify;\"><span style=\"font-size: 18pt;\"><em><strong>Nota:<\/strong><\/em><\/span><\/h3>\n<p style=\"text-align: justify;\"><span style=\"font-size: 18pt;\"><em><strong>Durante el periodo comprendido de enero al mes de abril de 2025 el Tribunal Electoral del Estado de Campeche, no realiz\u00f3 estudios, investigaciones o an\u00e1lisis con recursos p\u00fablicos, toda vez que no es parte del objeto ni de las atribuciones jur\u00eddico-administrativas de este Tribunal, establecido el art. 621 Ley de Instituciones y Procedimientos Electorales del Estado de Campeche<\/strong><\/em><\/span><\/p>\n<p>&nbsp;<\/p>\n<\/div>\n\n\n\n<div class=\"wp-block-column is-layout-flow wp-block-column-is-layout-flow\" style=\"flex-basis:15%\"><\/div>\n<\/div>\n","protected":false},"excerpt":{"rendered":"<p>Fracci\u00f3n XLI Estudios financiados con recursos p\u00fablicos &nbsp; Nota: Durante el periodo comprendido de enero al mes de abril de 2025 el Tribunal Electoral del Estado de Campeche, no realiz\u00f3 estudios, investigaciones o an\u00e1lisis con recursos p\u00fablicos, toda vez que no es parte del objeto ni de las atribuciones jur\u00eddico-administrativas de este Tribunal, establecido el [&hellip;]<\/p>\n","protected":false},"author":1,"featured_media":0,"parent":0,"menu_order":0,"comment_status":"closed","ping_status":"closed","template":"","meta":{"footnotes":""},"yst_prominent_words":[61,809,191,486,804,63],"_links":{"self":[{"href":"https:\/\/teec.org.mx\/web\/wp-json\/wp\/v2\/pages\/6831"}],"collection":[{"href":"https:\/\/teec.org.mx\/web\/wp-json\/wp\/v2\/pages"}],"about":[{"href":"https:\/\/teec.org.mx\/web\/wp-json\/wp\/v2\/types\/page"}],"author":[{"embeddable":true,"href":"https:\/\/teec.org.mx\/web\/wp-json\/wp\/v2\/users\/1"}],"replies":[{"embeddable":true,"href":"https:\/\/teec.org.mx\/web\/wp-json\/wp\/v2\/comments?post=6831"}],"version-history":[{"count":23,"href":"https:\/\/teec.org.mx\/web\/wp-json\/wp\/v2\/pages\/6831\/revisions"}],"predecessor-version":[{"id":32633,"href":"https:\/\/teec.org.mx\/web\/wp-json\/wp\/v2\/pages\/6831\/revisions\/32633"}],"wp:attachment":[{"href":"https:\/\/teec.org.mx\/web\/wp-json\/wp\/v2\/media?parent=6831"}],"wp:term":[{"taxonomy":"yst_prominent_words","embeddable":true,"href":"https:\/\/teec.org.mx\/web\/wp-json\/wp\/v2\/yst_prominent_words?post=6831"}],"curies":[{"name":"wp","href":"https:\/\/api.w.org\/{rel}","templated":true}]}}