{"id":6877,"date":"2020-08-11T13:46:22","date_gmt":"2020-08-11T18:46:22","guid":{"rendered":"https:\/\/teec.org.mx\/web\/?page_id=6877"},"modified":"2026-02-04T13:10:36","modified_gmt":"2026-02-04T19:10:36","slug":"fraccion-xlvii","status":"publish","type":"page","link":"https:\/\/teec.org.mx\/web\/fraccion-xlvii\/","title":{"rendered":"Fracci\u00f3n XLVII"},"content":{"rendered":"\n<div class=\"wp-block-columns is-layout-flex wp-container-core-columns-layout-1 wp-block-columns-is-layout-flex\">\n<div class=\"wp-block-column is-layout-flow wp-block-column-is-layout-flow\" style=\"flex-basis:5%\"><\/div>\n\n\n\n<div class=\"wp-block-column is-layout-flow wp-block-column-is-layout-flow\" style=\"flex-basis:90%\">\n<h4 class=\"wp-block-heading\">Fracci\u00f3n XLVII<\/h4>\n\n\n\n<h3 class=\"wp-block-heading\">Listado de Solicitudes a las Empresas Concesionarias de Telecomunicaciones<\/h3>\n\n\n\n<div class=\"wp-block-buttons is-layout-flex wp-block-buttons-is-layout-flex\">\n<div class=\"wp-block-button is-style-fill\"><a class=\"wp-block-button__link has-white-color has-text-color has-background wp-element-button\" href=\"https:\/\/teec.org.mx\/web\/wp-content\/uploads\/2026\/02\/Fraccion-XLVII-4to-tri-2025.zip\" style=\"background-color:#020b43\">Descargar formatos SIPOT_PNT<\/a><\/div>\n<\/div>\n\n\n\n<p><\/p>\n<\/div>\n\n\n\n<div class=\"wp-block-column is-layout-flow wp-block-column-is-layout-flow\" style=\"flex-basis:5%\"><\/div>\n<\/div>\n\n\n\n<div class=\"wp-block-columns is-layout-flex wp-container-core-columns-layout-2 wp-block-columns-is-layout-flex\">\n<div class=\"wp-block-column is-layout-flow wp-block-column-is-layout-flow\" style=\"flex-basis:15%\"><\/div>\n\n\n\n<div class=\"wp-block-column is-layout-flow wp-block-column-is-layout-flow\" style=\"flex-basis:70%\">\n<p>\u00a0<\/p>\n<ol style=\"list-style-type: lower-alpha;\">\n<li style=\"text-align: justify;\"><span style=\"font-size: 18pt;\">Solicitudes de intervenci\u00f3n de comunicaciones<\/span>\n<ul>\n<li><span style=\"font-size: 18pt;\"><em><strong>Nota: El Tribunal Electoral del Estado de Campeche, no genera ni detenta la informaci\u00f3n relativa al listado de solicitudes a las empresas concesionarias de telecomunicaciones y proveedores de servicios o aplicaciones de Internet para la intervenci\u00f3n de comunicaciones privadas, el acceso al registro de comunicaciones y la localizaci\u00f3n geogr\u00e1fica en tiempo real de equipos de comunicaci\u00f3n<\/strong><\/em><\/span><\/li>\n<\/ul>\n<\/li>\n<li style=\"text-align: justify;\"><span style=\"font-size: 18pt;\">Solicitudes de acceso al registro de comunicaciones y localizaci\u00f3n geogr\u00e1fica<\/span>\n<ul>\n<li><span style=\"font-size: 18pt;\"><em><strong>Nota: El Tribunal Electoral del Estado de Campeche, no genera ni detenta la informaci\u00f3n relativa al listado de solicitudes a las empresas concesionarias de telecomunicaciones y proveedores de servicios o aplicaciones de Internet para la intervenci\u00f3n de comunicaciones privadas, el acceso al registro de comunicaciones y la localizaci\u00f3n geogr\u00e1fica en tiempo real de equipos de comunicaci\u00f3n<\/strong><\/em><\/span><\/li>\n<\/ul>\n<\/li>\n<li style=\"text-align: justify;\"><span style=\"font-size: 18pt;\">Aviso de que no se genera informaci\u00f3n sobre intervenci\u00f3n de comunicaciones<\/span>\n<ul>\n<li><span style=\"font-size: 18pt;\"><em><strong>Nota: Durante el per\u00edodo que se reporta, es de se\u00f1alar que no se realizaron mensajes relativos a registros o de intervenci\u00f3n de comunicaciones, ya que no le es aplicable a este \u00f3rgano jurisdiccional, toda vez que no se encuentra dentro del \u00e1mbito de competencias, facultades o funciones del Tribunal Electoral del Estado de Campeche; ya que de conformidad con lo establecido en el art\u00edculo 27 de la Constituci\u00f3n Pol\u00edtica de los Estados Unidos Mexicanos, las concesiones en materia de comunicaciones son otorgadas por el Instituto Federal de Telecomunicaciones; se informa lo anterior con fundamento en lo dispuesto en el numeral octavo fracci\u00f3n V de los Lineamientos t\u00e9cnicos generales para la publicaci\u00f3n, homologaci\u00f3n y estandarizaci\u00f3n de la informaci\u00f3n de las obligaciones establecidas en el t\u00edtulo quinto y en la fracci\u00f3n IV del art\u00edculo 31 de la Ley General de Transparencia y Acceso a la Informaci\u00f3n que deben de difundir los sujetos obligados en los portales de Internet y en la Plataforma Nacional de Transparencia de la informaci\u00f3n<\/strong><\/em><\/span><\/li>\n<\/ul>\n<\/li>\n<\/ol>\n<p style=\"text-align: justify;\">\u00a0<\/p>\n<\/div>\n\n\n\n<div class=\"wp-block-column is-layout-flow wp-block-column-is-layout-flow\" style=\"flex-basis:15%\"><\/div>\n<\/div>\n","protected":false},"excerpt":{"rendered":"<p>Fracci\u00f3n XLVII Listado de Solicitudes a las Empresas Concesionarias de Telecomunicaciones \u00a0 Solicitudes de intervenci\u00f3n de comunicaciones Nota: El Tribunal Electoral del Estado de Campeche, no genera ni detenta la informaci\u00f3n relativa al listado de solicitudes a las empresas concesionarias de telecomunicaciones y proveedores de servicios o aplicaciones de Internet para la intervenci\u00f3n de comunicaciones [&hellip;]<\/p>\n","protected":false},"author":1,"featured_media":0,"parent":0,"menu_order":0,"comment_status":"closed","ping_status":"closed","template":"","meta":{"footnotes":""},"yst_prominent_words":[840,856,850,845,853,842,843,854,808,855,841,748,849,847,851,844,848,852,839,846],"_links":{"self":[{"href":"https:\/\/teec.org.mx\/web\/wp-json\/wp\/v2\/pages\/6877"}],"collection":[{"href":"https:\/\/teec.org.mx\/web\/wp-json\/wp\/v2\/pages"}],"about":[{"href":"https:\/\/teec.org.mx\/web\/wp-json\/wp\/v2\/types\/page"}],"author":[{"embeddable":true,"href":"https:\/\/teec.org.mx\/web\/wp-json\/wp\/v2\/users\/1"}],"replies":[{"embeddable":true,"href":"https:\/\/teec.org.mx\/web\/wp-json\/wp\/v2\/comments?post=6877"}],"version-history":[{"count":23,"href":"https:\/\/teec.org.mx\/web\/wp-json\/wp\/v2\/pages\/6877\/revisions"}],"predecessor-version":[{"id":32627,"href":"https:\/\/teec.org.mx\/web\/wp-json\/wp\/v2\/pages\/6877\/revisions\/32627"}],"wp:attachment":[{"href":"https:\/\/teec.org.mx\/web\/wp-json\/wp\/v2\/media?parent=6877"}],"wp:term":[{"taxonomy":"yst_prominent_words","embeddable":true,"href":"https:\/\/teec.org.mx\/web\/wp-json\/wp\/v2\/yst_prominent_words?post=6877"}],"curies":[{"name":"wp","href":"https:\/\/api.w.org\/{rel}","templated":true}]}}