{"id":7234,"date":"2020-09-22T12:12:36","date_gmt":"2020-09-22T17:12:36","guid":{"rendered":"https:\/\/teec.org.mx\/web\/?page_id=7234"},"modified":"2021-05-12T11:58:14","modified_gmt":"2021-05-12T16:58:14","slug":"fraccion-xxib-2019","status":"publish","type":"page","link":"https:\/\/teec.org.mx\/web\/fraccion-xxib-2019\/","title":{"rendered":"Fracci\u00f3n XXIb 2019"},"content":{"rendered":"\n<div class=\"wp-block-columns is-layout-flex wp-container-core-columns-layout-1 wp-block-columns-is-layout-flex\">\n<div class=\"wp-block-column is-layout-flow wp-block-column-is-layout-flow\" style=\"flex-basis:5%\"><\/div>\n\n\n\n<div class=\"wp-block-column is-layout-flow wp-block-column-is-layout-flow\" style=\"flex-basis:90%\">\n<h2 class=\"wp-block-heading\">Fracci\u00f3n XXIb<\/h2>\n\n\n\n<h2 class=\"has-text-align-center wp-block-heading\">Ejercicio 2019<\/h2>\n<\/div>\n\n\n\n<div class=\"wp-block-column is-layout-flow wp-block-column-is-layout-flow\" style=\"flex-basis:5%\"><\/div>\n<\/div>\n\n\n\n<div class=\"wp-block-columns is-layout-flex wp-container-core-columns-layout-2 wp-block-columns-is-layout-flex\">\n<div class=\"wp-block-column is-layout-flow wp-block-column-is-layout-flow\" style=\"flex-basis:15%\"><\/div>\n\n\n\n<div class=\"wp-block-column is-layout-flow wp-block-column-is-layout-flow\" style=\"flex-basis:60%\">\n<p>&nbsp;<\/p>\n<table style=\"border-collapse: collapse;\">\n<tbody>\n<tr style=\"height: 23px;\">\n<td style=\"width: 50.5734%; height: 23px; text-align: center;\"><strong><span style=\"font-size: 18pt;\">Estado Anal\u00edtico del Ejercicio del Presupuesto de Egresos<\/span><\/strong><\/td>\n<td style=\"width: 54.3217%; height: 23px; text-align: center;\" colspan=\"4\"><span style=\"font-size: 18pt;\"><strong>Trimestre<\/strong><\/span><\/td>\n<\/tr>\n<tr style=\"height: 23px;\">\n<td style=\"width: 50.5734%; height: 23px;\"><span style=\"font-size: 14pt;\">Clasificaci\u00f3n por Objeto del Gasto<\/span><\/td>\n<td style=\"width: 12.69%; height: 23px; text-align: center;\"><a href=\"https:\/\/teec.org.mx\/web\/wp-content\/uploads\/2020\/02\/2.4.-EAEPE-COG-1er-tri-2019.pdf\" target=\"_blank\" rel=\"noopener noreferrer\"><span style=\"font-size: 14pt;\">1er<\/span><\/a><\/td>\n<td style=\"width: 13.422%; height: 23px; text-align: center;\"><a href=\"https:\/\/teec.org.mx\/web\/wp-content\/uploads\/2020\/02\/2.4-EAEPE-COG-2do.-Trim.-2019.pdf\" target=\"_blank\" rel=\"noopener noreferrer\"><span style=\"font-size: 14pt;\">2do<\/span><\/a><\/td>\n<td style=\"width: 12.3892%; height: 23px; text-align: center;\"><a href=\"https:\/\/teec.org.mx\/web\/wp-content\/uploads\/2020\/02\/2.4-EAEPE-COG-3er-tri-2019.pdf\" target=\"_blank\" rel=\"noopener noreferrer\"><span style=\"font-size: 14pt;\">3er<\/span><\/a><\/td>\n<td style=\"width: 15.8205%; height: 23px; text-align: center;\"><a href=\"https:\/\/teec.org.mx\/web\/wp-content\/uploads\/2020\/02\/2.4-EAEPE-COG-4to-tri-2019.pdf\" target=\"_blank\" rel=\"noopener noreferrer\"><span style=\"font-size: 14pt;\">4to<\/span><\/a><\/td>\n<\/tr>\n<\/tbody>\n<\/table>\n<p>&nbsp;<\/p>\n<\/div>\n\n\n\n<div class=\"wp-block-column is-layout-flow wp-block-column-is-layout-flow\" style=\"flex-basis:15%\"><\/div>\n<\/div>\n","protected":false},"excerpt":{"rendered":"<p>Fracci\u00f3n XXIb Ejercicio 2019 &nbsp; Estado Anal\u00edtico del Ejercicio del Presupuesto de Egresos Trimestre Clasificaci\u00f3n por Objeto del Gasto 1er 2do 3er 4to &nbsp;<\/p>\n","protected":false},"author":1,"featured_media":0,"parent":0,"menu_order":0,"comment_status":"closed","ping_status":"closed","template":"","meta":{"footnotes":""},"yst_prominent_words":[419],"_links":{"self":[{"href":"https:\/\/teec.org.mx\/web\/wp-json\/wp\/v2\/pages\/7234"}],"collection":[{"href":"https:\/\/teec.org.mx\/web\/wp-json\/wp\/v2\/pages"}],"about":[{"href":"https:\/\/teec.org.mx\/web\/wp-json\/wp\/v2\/types\/page"}],"author":[{"embeddable":true,"href":"https:\/\/teec.org.mx\/web\/wp-json\/wp\/v2\/users\/1"}],"replies":[{"embeddable":true,"href":"https:\/\/teec.org.mx\/web\/wp-json\/wp\/v2\/comments?post=7234"}],"version-history":[{"count":2,"href":"https:\/\/teec.org.mx\/web\/wp-json\/wp\/v2\/pages\/7234\/revisions"}],"predecessor-version":[{"id":10516,"href":"https:\/\/teec.org.mx\/web\/wp-json\/wp\/v2\/pages\/7234\/revisions\/10516"}],"wp:attachment":[{"href":"https:\/\/teec.org.mx\/web\/wp-json\/wp\/v2\/media?parent=7234"}],"wp:term":[{"taxonomy":"yst_prominent_words","embeddable":true,"href":"https:\/\/teec.org.mx\/web\/wp-json\/wp\/v2\/yst_prominent_words?post=7234"}],"curies":[{"name":"wp","href":"https:\/\/api.w.org\/{rel}","templated":true}]}}