{"id":8509,"date":"2021-01-04T14:29:41","date_gmt":"2021-01-04T20:29:41","guid":{"rendered":"https:\/\/teec.org.mx\/web\/?page_id=8509"},"modified":"2024-05-16T15:03:06","modified_gmt":"2024-05-16T21:03:06","slug":"estrados-electronicos-2021","status":"publish","type":"page","link":"https:\/\/teec.org.mx\/web\/estrados-electronicos-2021\/","title":{"rendered":"Estrados Electr\u00f3nicos 2021"},"content":{"rendered":"\n<h3 class=\"wp-block-heading has-text-align-center\"><\/h3>\n\n\n\n<p>\u00a0<\/p>\n<p>\u00a0<\/p>\n<p>\u00a0<\/p>\n<h1 style=\"text-align: center;\">Estrados electr\u00f3nicos 2021<\/h1>\n<p>\u00a0<\/p>\n<table class=\" aligncenter\" style=\"width: 85.2462%; border-collapse: collapse; height: 585px;\">\n<tbody>\n<tr style=\"height: 27px;\">\n<td style=\"width: 86.6994%; height: 27px;\"><span style=\"font-size: 14pt;\">Recursos de Apelaci\u00f3n<\/span><\/td>\n<td style=\"width: 13.3006%; height: 27px;\"><span style=\"font-size: 14pt;\"><a href=\"https:\/\/teec.org.mx\/web\/rap-2021\/\">RAP<\/a><\/span><\/td>\n<\/tr>\n<tr style=\"height: 27px;\">\n<td style=\"width: 86.6994%; height: 27px;\"><span style=\"font-size: 14pt;\">Juicios de Inconformidad<\/span><\/td>\n<td style=\"width: 13.3006%; height: 27px;\"><a href=\"https:\/\/teec.org.mx\/web\/jin-2021\/\"><span style=\"font-size: 14pt;\">JIN<\/span><\/a><\/td>\n<\/tr>\n<tr style=\"height: 10px;\">\n<td style=\"width: 86.6994%; height: 10px;\"><span style=\"font-size: 14pt;\">Cuaderno Incidental<\/span><\/td>\n<td style=\"width: 13.3006%; height: 10px;\"><a href=\"https:\/\/teec.org.mx\/web\/inc-2021\/\"><span style=\"font-size: 14pt;\">INC<\/span><\/a><\/td>\n<\/tr>\n<tr style=\"height: 75px;\">\n<td style=\"width: 86.6994%; height: 75px;\"><span style=\"font-size: 14pt;\">Juicio para la Protecci\u00f3n de los Derechos Pol\u00edticos-Electorales de la Ciudadan\u00eda<\/span><\/td>\n<td style=\"width: 13.3006%; height: 75px;\"><a href=\"https:\/\/teec.org.mx\/web\/jdc-2021\/\"><span style=\"font-size: 14pt;\">JDC<\/span><\/a><\/td>\n<\/tr>\n<tr style=\"height: 27px;\">\n<td style=\"width: 86.6994%; height: 27px;\"><span style=\"font-size: 14pt;\">Asuntos Generales<\/span><\/td>\n<td style=\"width: 13.3006%; height: 27px;\"><a href=\"https:\/\/teec.org.mx\/web\/ag-2021\/\"><span style=\"font-size: 14pt;\">AG<\/span><\/a><\/td>\n<\/tr>\n<tr style=\"height: 27px;\">\n<td style=\"width: 86.6994%; height: 27px;\"><span style=\"font-size: 14pt;\">Expedientillos<\/span><\/td>\n<td style=\"width: 13.3006%; height: 27px;\"><a href=\"https:\/\/teec.org.mx\/web\/expedientillos-2021\/\"><span style=\"font-size: 14pt;\">EXP<\/span><\/a><\/td>\n<\/tr>\n<tr style=\"height: 35px;\">\n<td style=\"width: 86.6994%; height: 35px;\"><span style=\"font-size: 14pt;\">Procedimiento Especial Sancionador<\/span><\/td>\n<td style=\"width: 13.3006%; height: 35px;\"><a href=\"https:\/\/teec.org.mx\/web\/pes-2021\/\"><span style=\"font-size: 14pt;\">PES<\/span><\/a><\/td>\n<\/tr>\n<tr style=\"height: 51px;\">\n<td style=\"width: 86.6994%; height: 51px;\"><span style=\"font-size: 14pt;\">Impedimento para conocer de un determinado medio de impugnaci\u00f3n<\/span><\/td>\n<td style=\"width: 13.3006%; height: 51px;\"><a href=\"https:\/\/teec.org.mx\/web\/imp-2021\/\"><span style=\"font-size: 14pt;\">IMP<\/span><\/a><\/td>\n<\/tr>\n<tr style=\"height: 10px;\">\n<td style=\"width: 86.6994%; height: 10px;\"><span style=\"font-size: 14pt;\">Dictamen de c\u00f3mputo final de la elecci\u00f3n de gobernador del Estado de Campeche, declaraci\u00f3n de validez de la elecci\u00f3n y de gobernador electo\u00a0 \u00a0 \u00a0 \u00a0 \u00a0 \u00a0 \u00a0 \u00a0\u00a0<\/span><\/td>\n<td style=\"width: 13.3006%; height: 10px;\"><a href=\"https:\/\/teec.org.mx\/web\/dveg-2021\/\"><span style=\"font-size: 14pt;\">DVEG<\/span><\/a><\/td>\n<\/tr>\n<tr style=\"height: 27px;\">\n<td style=\"width: 86.6994%; height: 27px;\"><span style=\"font-size: 14pt;\">Juicio Electoral<\/span><\/td>\n<td style=\"width: 13.3006%; height: 27px;\"><a href=\"https:\/\/teec.org.mx\/web\/je-2021\/\"><span style=\"font-size: 14pt;\">JE<\/span><\/a><\/td>\n<\/tr>\n<\/tbody>\n<\/table>\n<p>\u00a0<\/p>\n<p>\u00a0<\/p>\n","protected":false},"excerpt":{"rendered":"<p>\u00a0 \u00a0 \u00a0 Estrados electr\u00f3nicos 2021 \u00a0 Recursos de Apelaci\u00f3n RAP Juicios de Inconformidad JIN Cuaderno Incidental INC Juicio para la Protecci\u00f3n de los Derechos Pol\u00edticos-Electorales de la Ciudadan\u00eda JDC Asuntos Generales AG Expedientillos EXP Procedimiento Especial Sancionador PES Impedimento para conocer de un determinado medio de impugnaci\u00f3n IMP Dictamen de c\u00f3mputo final de la [&hellip;]<\/p>\n","protected":false},"author":1,"featured_media":0,"parent":0,"menu_order":0,"comment_status":"closed","ping_status":"closed","template":"","meta":{"footnotes":""},"yst_prominent_words":[261],"_links":{"self":[{"href":"https:\/\/teec.org.mx\/web\/wp-json\/wp\/v2\/pages\/8509"}],"collection":[{"href":"https:\/\/teec.org.mx\/web\/wp-json\/wp\/v2\/pages"}],"about":[{"href":"https:\/\/teec.org.mx\/web\/wp-json\/wp\/v2\/types\/page"}],"author":[{"embeddable":true,"href":"https:\/\/teec.org.mx\/web\/wp-json\/wp\/v2\/users\/1"}],"replies":[{"embeddable":true,"href":"https:\/\/teec.org.mx\/web\/wp-json\/wp\/v2\/comments?post=8509"}],"version-history":[{"count":18,"href":"https:\/\/teec.org.mx\/web\/wp-json\/wp\/v2\/pages\/8509\/revisions"}],"predecessor-version":[{"id":21761,"href":"https:\/\/teec.org.mx\/web\/wp-json\/wp\/v2\/pages\/8509\/revisions\/21761"}],"wp:attachment":[{"href":"https:\/\/teec.org.mx\/web\/wp-json\/wp\/v2\/media?parent=8509"}],"wp:term":[{"taxonomy":"yst_prominent_words","embeddable":true,"href":"https:\/\/teec.org.mx\/web\/wp-json\/wp\/v2\/yst_prominent_words?post=8509"}],"curies":[{"name":"wp","href":"https:\/\/api.w.org\/{rel}","templated":true}]}}