{"id":8698,"date":"2021-01-16T16:53:04","date_gmt":"2021-01-16T22:53:04","guid":{"rendered":"https:\/\/teec.org.mx\/web\/?page_id=8698"},"modified":"2021-01-16T17:21:09","modified_gmt":"2021-01-16T23:21:09","slug":"violencia-politica","status":"publish","type":"page","link":"https:\/\/teec.org.mx\/web\/violencia-politica\/","title":{"rendered":"Violencia Pol\u00edtica"},"content":{"rendered":"\n<h3 class=\"has-text-align-center wp-block-heading\">Violencia pol\u00edtica en contra de las mujeres<\/h3>\n\n\n\n<div class=\"wp-block-columns is-layout-flex wp-container-core-columns-layout-1 wp-block-columns-is-layout-flex\">\n<div class=\"wp-block-column is-layout-flow wp-block-column-is-layout-flow\" style=\"flex-basis:15%\"><\/div>\n\n\n\n<div class=\"wp-block-column is-layout-flow wp-block-column-is-layout-flow\" style=\"flex-basis:80%\">\n<p>&nbsp;<\/p>\n<p style=\"text-align: justify;\"><span style=\"font-size: 18pt;\">La violencia pol\u00edtica afecta el derecho humano de las mujeres a ejercer el voto y a ser electas en los procesos electorales; a su desarrollo en la escena pol\u00edtica o p\u00fablica, ya sea como militantes en los partidos pol\u00edticos, aspirantes a candidatas a un cargo de elecci\u00f3n popular, a puestos de dirigencia al interior de sus partidos pol\u00edticos o en el propio ejercicio de un cargo p\u00fablico.<\/span><\/p>\n<ul>\n<li>\n<h2 class=\"elementor-heading-title elementor-size-default\" style=\"text-align: justify;\"><a href=\"https:\/\/teec.org.mx\/web\/libro-protocolo-atencion-violencia\/\"><strong><span style=\"font-size: 18pt;\">Protocolo para la atenci\u00f3n de la violencia pol\u00edtica contra las mujeres en raz\u00f3n de g\u00e9nero.<\/span><\/strong><\/a><\/h2>\n<\/li>\n<li>\n<h2 class=\"elementor-heading-title elementor-size-default\" style=\"text-align: justify;\"><strong><a href=\"https:\/\/teec.org.mx\/web\/libro-criterios-sobre-violencia-politica\/\"><span style=\"font-size: 18pt;\">Criterios sobre Violencia Pol\u00edtica contra <\/span><span style=\"font-size: 18pt;\">las Mujeres en Raz\u00f3n de G\u00e9nero.<\/span><\/a><\/strong><\/h2>\n<\/li>\n<\/ul>\n<\/div>\n\n\n\n<div class=\"wp-block-column is-layout-flow wp-block-column-is-layout-flow\" style=\"flex-basis:15%\"><\/div>\n<\/div>\n","protected":false},"excerpt":{"rendered":"<p>Violencia pol\u00edtica en contra de las mujeres &nbsp; La violencia pol\u00edtica afecta el derecho humano de las mujeres a ejercer el voto y a ser electas en los procesos electorales; a su desarrollo en la escena pol\u00edtica o p\u00fablica, ya sea como militantes en los partidos pol\u00edticos, aspirantes a candidatas a un cargo de elecci\u00f3n [&hellip;]<\/p>\n","protected":false},"author":1,"featured_media":0,"parent":0,"menu_order":0,"comment_status":"closed","ping_status":"closed","template":"","meta":{"footnotes":""},"yst_prominent_words":[81,554,552,864,348,344],"_links":{"self":[{"href":"https:\/\/teec.org.mx\/web\/wp-json\/wp\/v2\/pages\/8698"}],"collection":[{"href":"https:\/\/teec.org.mx\/web\/wp-json\/wp\/v2\/pages"}],"about":[{"href":"https:\/\/teec.org.mx\/web\/wp-json\/wp\/v2\/types\/page"}],"author":[{"embeddable":true,"href":"https:\/\/teec.org.mx\/web\/wp-json\/wp\/v2\/users\/1"}],"replies":[{"embeddable":true,"href":"https:\/\/teec.org.mx\/web\/wp-json\/wp\/v2\/comments?post=8698"}],"version-history":[{"count":6,"href":"https:\/\/teec.org.mx\/web\/wp-json\/wp\/v2\/pages\/8698\/revisions"}],"predecessor-version":[{"id":8715,"href":"https:\/\/teec.org.mx\/web\/wp-json\/wp\/v2\/pages\/8698\/revisions\/8715"}],"wp:attachment":[{"href":"https:\/\/teec.org.mx\/web\/wp-json\/wp\/v2\/media?parent=8698"}],"wp:term":[{"taxonomy":"yst_prominent_words","embeddable":true,"href":"https:\/\/teec.org.mx\/web\/wp-json\/wp\/v2\/yst_prominent_words?post=8698"}],"curies":[{"name":"wp","href":"https:\/\/api.w.org\/{rel}","templated":true}]}}