{"id":8702,"date":"2021-01-16T16:51:15","date_gmt":"2021-01-16T22:51:15","guid":{"rendered":"https:\/\/teec.org.mx\/web\/?page_id=8702"},"modified":"2021-01-16T17:19:33","modified_gmt":"2021-01-16T23:19:33","slug":"libro-protocolo-atencion-violencia","status":"publish","type":"page","link":"https:\/\/teec.org.mx\/web\/libro-protocolo-atencion-violencia\/","title":{"rendered":"Libro Protocolo atenci\u00f3n violencia"},"content":{"rendered":"\n<h3 class=\"has-text-align-center wp-block-heading\"><strong>Protocolo para la atenci\u00f3n de la violencia pol\u00edtica contra las mujeres en raz\u00f3n de g\u00e9nero<\/strong><\/h3>\n\n\n\n<div class=\"wp-block-columns is-layout-flex wp-container-core-columns-layout-1 wp-block-columns-is-layout-flex\">\n<div class=\"wp-block-column is-layout-flow wp-block-column-is-layout-flow\" style=\"flex-basis:15%\"><\/div>\n\n\n\n<div class=\"wp-block-column is-layout-flow wp-block-column-is-layout-flow\" style=\"flex-basis:80%\">\n<p>&nbsp;<\/p>\n<p><a href=\"https:\/\/teec.org.mx\/web\/wp-content\/uploads\/2021\/01\/Protocolo-atencion-violencia-Edicion-2017.pdf\" target=\"_blank\" rel=\"noopener noreferrer\"><img loading=\"lazy\" decoding=\"async\" class=\"zoom aligncenter wp-image-8703\" src=\"https:\/\/teec.org.mx\/web\/wp-content\/uploads\/2021\/01\/Protocolo-atencion-violencia-Edicion-2017-208x300.jpeg\" alt=\"\" width=\"260\" height=\"374\" srcset=\"https:\/\/teec.org.mx\/web\/wp-content\/uploads\/2021\/01\/Protocolo-atencion-violencia-Edicion-2017-208x300.jpeg 208w, https:\/\/teec.org.mx\/web\/wp-content\/uploads\/2021\/01\/Protocolo-atencion-violencia-Edicion-2017-711x1024.jpeg 711w, https:\/\/teec.org.mx\/web\/wp-content\/uploads\/2021\/01\/Protocolo-atencion-violencia-Edicion-2017-768x1106.jpeg 768w, https:\/\/teec.org.mx\/web\/wp-content\/uploads\/2021\/01\/Protocolo-atencion-violencia-Edicion-2017.jpeg 829w\" sizes=\"(max-width: 260px) 100vw, 260px\" \/><\/a><\/p>\n<p>&nbsp;<\/p>\n<p>&nbsp;<\/p>\n\n\n\n<p><\/p>\n<\/div>\n\n\n\n<div class=\"wp-block-column is-layout-flow wp-block-column-is-layout-flow\" style=\"flex-basis:15%\"><\/div>\n<\/div>\n\n\n\n<p><\/p>\n","protected":false},"excerpt":{"rendered":"<p>Protocolo para la atenci\u00f3n de la violencia pol\u00edtica contra las mujeres en raz\u00f3n de g\u00e9nero &nbsp; &nbsp; &nbsp;<\/p>\n","protected":false},"author":1,"featured_media":0,"parent":0,"menu_order":0,"comment_status":"closed","ping_status":"closed","template":"","meta":{"footnotes":""},"yst_prominent_words":[],"_links":{"self":[{"href":"https:\/\/teec.org.mx\/web\/wp-json\/wp\/v2\/pages\/8702"}],"collection":[{"href":"https:\/\/teec.org.mx\/web\/wp-json\/wp\/v2\/pages"}],"about":[{"href":"https:\/\/teec.org.mx\/web\/wp-json\/wp\/v2\/types\/page"}],"author":[{"embeddable":true,"href":"https:\/\/teec.org.mx\/web\/wp-json\/wp\/v2\/users\/1"}],"replies":[{"embeddable":true,"href":"https:\/\/teec.org.mx\/web\/wp-json\/wp\/v2\/comments?post=8702"}],"version-history":[{"count":3,"href":"https:\/\/teec.org.mx\/web\/wp-json\/wp\/v2\/pages\/8702\/revisions"}],"predecessor-version":[{"id":8711,"href":"https:\/\/teec.org.mx\/web\/wp-json\/wp\/v2\/pages\/8702\/revisions\/8711"}],"wp:attachment":[{"href":"https:\/\/teec.org.mx\/web\/wp-json\/wp\/v2\/media?parent=8702"}],"wp:term":[{"taxonomy":"yst_prominent_words","embeddable":true,"href":"https:\/\/teec.org.mx\/web\/wp-json\/wp\/v2\/yst_prominent_words?post=8702"}],"curies":[{"name":"wp","href":"https:\/\/api.w.org\/{rel}","templated":true}]}}