{"id":8709,"date":"2021-01-16T16:50:25","date_gmt":"2021-01-16T22:50:25","guid":{"rendered":"https:\/\/teec.org.mx\/web\/?page_id=8709"},"modified":"2021-01-16T17:12:37","modified_gmt":"2021-01-16T23:12:37","slug":"libro-criterios-sobre-violencia-politica","status":"publish","type":"page","link":"https:\/\/teec.org.mx\/web\/libro-criterios-sobre-violencia-politica\/","title":{"rendered":"Libro Criterios sobre Violencia Pol\u00edtica"},"content":{"rendered":"\n<h3 class=\"has-text-align-center wp-block-heading\">Criterios sobre Violencia Pol\u00edtica contra las Mujeres en Raz\u00f3n de G\u00e9nero<\/h3>\n\n\n\n<div class=\"wp-block-columns is-layout-flex wp-container-core-columns-layout-1 wp-block-columns-is-layout-flex\">\n<div class=\"wp-block-column is-layout-flow wp-block-column-is-layout-flow\" style=\"flex-basis:15%\"><\/div>\n\n\n\n<div class=\"wp-block-column is-layout-flow wp-block-column-is-layout-flow\" style=\"flex-basis:80%\">\n<p>&nbsp;<\/p>\n<p><a href=\"https:\/\/teec.org.mx\/web\/wp-content\/uploads\/2021\/01\/Criterios-relevantes-en-materia-de-violencia-politica-08-07-2020.pdf\" target=\"_blank\" rel=\"noopener noreferrer\"><img loading=\"lazy\" decoding=\"async\" class=\"zoom aligncenter wp-image-8704\" src=\"https:\/\/teec.org.mx\/web\/wp-content\/uploads\/2021\/01\/Criterios-relevantes-en-materia-de-violencia-politica-08-07-2020-249x300.jpeg\" alt=\"\" width=\"260\" height=\"313\" srcset=\"https:\/\/teec.org.mx\/web\/wp-content\/uploads\/2021\/01\/Criterios-relevantes-en-materia-de-violencia-politica-08-07-2020-249x300.jpeg 249w, https:\/\/teec.org.mx\/web\/wp-content\/uploads\/2021\/01\/Criterios-relevantes-en-materia-de-violencia-politica-08-07-2020-768x925.jpeg 768w, https:\/\/teec.org.mx\/web\/wp-content\/uploads\/2021\/01\/Criterios-relevantes-en-materia-de-violencia-politica-08-07-2020.jpeg 829w\" sizes=\"(max-width: 260px) 100vw, 260px\" \/><\/a><\/p>\n<p>&nbsp;<\/p>\n<p>&nbsp;<\/p>\n<\/div>\n\n\n\n<div class=\"wp-block-column is-layout-flow wp-block-column-is-layout-flow\" style=\"flex-basis:15%\"><\/div>\n<\/div>\n","protected":false},"excerpt":{"rendered":"<p>Criterios sobre Violencia Pol\u00edtica contra las Mujeres en Raz\u00f3n de G\u00e9nero &nbsp; &nbsp; &nbsp;<\/p>\n","protected":false},"author":1,"featured_media":0,"parent":0,"menu_order":0,"comment_status":"closed","ping_status":"closed","template":"","meta":{"footnotes":""},"yst_prominent_words":[],"_links":{"self":[{"href":"https:\/\/teec.org.mx\/web\/wp-json\/wp\/v2\/pages\/8709"}],"collection":[{"href":"https:\/\/teec.org.mx\/web\/wp-json\/wp\/v2\/pages"}],"about":[{"href":"https:\/\/teec.org.mx\/web\/wp-json\/wp\/v2\/types\/page"}],"author":[{"embeddable":true,"href":"https:\/\/teec.org.mx\/web\/wp-json\/wp\/v2\/users\/1"}],"replies":[{"embeddable":true,"href":"https:\/\/teec.org.mx\/web\/wp-json\/wp\/v2\/comments?post=8709"}],"version-history":[{"count":1,"href":"https:\/\/teec.org.mx\/web\/wp-json\/wp\/v2\/pages\/8709\/revisions"}],"predecessor-version":[{"id":8710,"href":"https:\/\/teec.org.mx\/web\/wp-json\/wp\/v2\/pages\/8709\/revisions\/8710"}],"wp:attachment":[{"href":"https:\/\/teec.org.mx\/web\/wp-json\/wp\/v2\/media?parent=8709"}],"wp:term":[{"taxonomy":"yst_prominent_words","embeddable":true,"href":"https:\/\/teec.org.mx\/web\/wp-json\/wp\/v2\/yst_prominent_words?post=8709"}],"curies":[{"name":"wp","href":"https:\/\/api.w.org\/{rel}","templated":true}]}}