{"id":8930,"date":"2021-01-22T17:53:49","date_gmt":"2021-01-22T23:53:49","guid":{"rendered":"https:\/\/teec.org.mx\/web\/?page_id=8930"},"modified":"2021-01-30T14:13:40","modified_gmt":"2021-01-30T20:13:40","slug":"cuarto-trimestre-2020-conac","status":"publish","type":"page","link":"https:\/\/teec.org.mx\/web\/cuarto-trimestre-2020-conac\/","title":{"rendered":"Cuarto trimestre 2020 conac"},"content":{"rendered":"\n<h3 class=\"has-text-align-center wp-block-heading\">Cuarto trimestre 2020<\/h3>\n\n\n\n<div class=\"wp-block-columns is-layout-flex wp-container-core-columns-layout-1 wp-block-columns-is-layout-flex\">\n<div class=\"wp-block-column is-layout-flow wp-block-column-is-layout-flow\" style=\"flex-basis:10%\"><\/div>\n\n\n\n<div class=\"wp-block-column is-layout-flow wp-block-column-is-layout-flow\" style=\"flex-basis:90%\">\n<p>&nbsp;<\/p>\n<ol>\n<li style=\"text-align: justify;\"><a href=\"https:\/\/teec.org.mx\/web\/wp-content\/uploads\/2021\/01\/1.-NEEIMPAS-4to-tri-2020.pdf\" target=\"_blank\" rel=\"noopener noreferrer\"><span style=\"font-size: 14pt;\">Norma para establecer la estructura de informaci\u00f3n de montos pagados por ayudas y subsidios<\/span><\/a><\/li>\n<li style=\"text-align: justify;\"><a href=\"https:\/\/teec.org.mx\/web\/wp-content\/uploads\/2021\/01\/2.-NEEFRBCPEP-4to-tri-2020.pdf\" target=\"_blank\" rel=\"noopener noreferrer\"><span style=\"font-size: 14pt;\">Norma para establecer la estructura del formato de la relaci\u00f3n de bienes que componen el patrimonio del ente p\u00fablico<\/span><\/a><\/li>\n<\/ol>\n<p>&nbsp;<\/p>\n<p>&nbsp;<\/p>\n<\/div>\n<\/div>\n","protected":false},"excerpt":{"rendered":"<p>Cuarto trimestre 2020 &nbsp; Norma para establecer la estructura de informaci\u00f3n de montos pagados por ayudas y subsidios Norma para establecer la estructura del formato de la relaci\u00f3n de bienes que componen el patrimonio del ente p\u00fablico &nbsp; &nbsp;<\/p>\n","protected":false},"author":1,"featured_media":0,"parent":0,"menu_order":0,"comment_status":"closed","ping_status":"closed","template":"","meta":{"footnotes":""},"yst_prominent_words":[289,287,290,288,286,285],"_links":{"self":[{"href":"https:\/\/teec.org.mx\/web\/wp-json\/wp\/v2\/pages\/8930"}],"collection":[{"href":"https:\/\/teec.org.mx\/web\/wp-json\/wp\/v2\/pages"}],"about":[{"href":"https:\/\/teec.org.mx\/web\/wp-json\/wp\/v2\/types\/page"}],"author":[{"embeddable":true,"href":"https:\/\/teec.org.mx\/web\/wp-json\/wp\/v2\/users\/1"}],"replies":[{"embeddable":true,"href":"https:\/\/teec.org.mx\/web\/wp-json\/wp\/v2\/comments?post=8930"}],"version-history":[{"count":2,"href":"https:\/\/teec.org.mx\/web\/wp-json\/wp\/v2\/pages\/8930\/revisions"}],"predecessor-version":[{"id":9151,"href":"https:\/\/teec.org.mx\/web\/wp-json\/wp\/v2\/pages\/8930\/revisions\/9151"}],"wp:attachment":[{"href":"https:\/\/teec.org.mx\/web\/wp-json\/wp\/v2\/media?parent=8930"}],"wp:term":[{"taxonomy":"yst_prominent_words","embeddable":true,"href":"https:\/\/teec.org.mx\/web\/wp-json\/wp\/v2\/yst_prominent_words?post=8930"}],"curies":[{"name":"wp","href":"https:\/\/api.w.org\/{rel}","templated":true}]}}