{"id":9,"date":"2020-02-07T05:07:50","date_gmt":"2020-02-07T05:07:50","guid":{"rendered":"http:\/\/teec.org.mx\/web\/?page_id=9"},"modified":"2026-02-24T11:06:21","modified_gmt":"2026-02-24T17:06:21","slug":"transparencia","status":"publish","type":"page","link":"https:\/\/teec.org.mx\/web\/transparencia\/","title":{"rendered":"Transparencia"},"content":{"rendered":"\n<div class=\"wp-block-columns is-layout-flex wp-container-core-columns-layout-1 wp-block-columns-is-layout-flex\">\n<div class=\"wp-block-column is-layout-flow wp-block-column-is-layout-flow\" style=\"flex-basis:5%\"><\/div>\n\n\n\n<div class=\"wp-block-column is-layout-flow wp-block-column-is-layout-flow\" style=\"flex-basis:86.51%\">\n<h2 class=\"wp-block-heading\">Portal de transparencia<\/h2>\n\n\n\n<h4 class=\"wp-block-heading\">Ley de Transparencia y Acceso a la Informaci\u00f3n P\u00fablica del Estado de Campeche<\/h4>\n\n\n\n<p>&nbsp;<\/p>\n<p style=\"text-align: justify;\"><span style=\"font-size: 14pt;\">En esta secci\u00f3n encontrar\u00e1s las obligaciones de transparencia que en cumplimiento a la Ley de Transparencia y Acceso a la Informaci\u00f3n P\u00fablica del Estado de Campeche, as\u00ed como de la informaci\u00f3n de la materia que el TEEC difunde y mantiene actualizada a trav\u00e9s de su p\u00e1gina de internet.<\/span><\/p>\n<p>&nbsp;<\/p>\n<hr>\n<p>&nbsp;<\/p>\n<\/div>\n\n\n\n<div class=\"wp-block-column is-layout-flow wp-block-column-is-layout-flow\" style=\"flex-basis:5%\"><\/div>\n<\/div>\n\n\n<div><a href=\"https:\/\/teec.org.mx\/web\/obligaciones-comunes\/\"><img loading=\"lazy\" decoding=\"async\" class=\"zoom wp-image-9782 size-medium aligncenter\" src=\"https:\/\/teec.org.mx\/web\/wp-content\/uploads\/2021\/03\/Articulo-74-OC-249x300.png\" alt=\"\" width=\"249\" height=\"300\" srcset=\"https:\/\/teec.org.mx\/web\/wp-content\/uploads\/2021\/03\/Articulo-74-OC-249x300.png 249w, https:\/\/teec.org.mx\/web\/wp-content\/uploads\/2021\/03\/Articulo-74-OC.png 301w\" sizes=\"(max-width: 249px) 100vw, 249px\" \/><\/a><\/div>\n<div>&nbsp;<\/div>\n<div>&nbsp;<\/div>\n\n\n<div class=\"wp-block-columns is-layout-flex wp-container-core-columns-layout-2 wp-block-columns-is-layout-flex\">\n<div class=\"wp-block-column is-layout-flow wp-block-column-is-layout-flow\" style=\"flex-basis:15%\"><\/div>\n\n\n\n<div class=\"wp-block-column is-layout-flow wp-block-column-is-layout-flow\" style=\"flex-basis:95%\">\n<p style=\"text-align: center;\">\u00a0<\/p>\n<p><a href=\"https:\/\/teec.org.mx\/web\/wp-content\/uploads\/2026\/02\/Tabla-de-aplicabilidad-2026.docx\" rel=\"noopener\"><img loading=\"lazy\" decoding=\"async\" class=\"zoom alignnone wp-image-9784 size-full\" src=\"https:\/\/teec.org.mx\/web\/wp-content\/uploads\/2021\/03\/Tabla-Aplicabilidad.png\" alt=\"\" width=\"276\" height=\"102\" \/><\/a>\u00a0 \u00a0 \u00a0 \u00a0 \u00a0 <a href=\"https:\/\/www.plataformadetransparencia.org.mx\/web\/guest\/inicio\" target=\"_blank\" rel=\"noopener noreferrer\"><img loading=\"lazy\" decoding=\"async\" class=\"zoom alignnone wp-image-9787 size-full\" src=\"https:\/\/teec.org.mx\/web\/wp-content\/uploads\/2021\/03\/Interponer-recurso.png\" alt=\"\" width=\"275\" height=\"99\" \/><\/a> \u00a0\u00a0 \u00a0\u00a0 \u00a0\u00a0 <a href=\"https:\/\/www.plataformadetransparencia.org.mx\/web\/guest\/inicio\" target=\"_blank\" rel=\"noopener noreferrer\"><img loading=\"lazy\" decoding=\"async\" class=\"zoom alignnone wp-image-9789 size-full\" src=\"https:\/\/teec.org.mx\/web\/wp-content\/uploads\/2021\/03\/Solicitud-Informacion-PNT.png\" alt=\"\" width=\"276\" height=\"99\" \/><\/a><\/p>\n<p><a href=\"https:\/\/teec.org.mx\/web\/expedientes-reservados\/\"><img loading=\"lazy\" decoding=\"async\" class=\"zoom alignnone wp-image-9791 size-full\" src=\"https:\/\/teec.org.mx\/web\/wp-content\/uploads\/2021\/03\/IECR.png\" alt=\"\" width=\"275\" height=\"98\" \/><\/a>\u00a0 \u00a0 \u00a0 \u00a0 \u00a0 <a href=\"https:\/\/teec.org.mx\/web\/catalogo-de-sujetos-sancionados\/\"><img loading=\"lazy\" decoding=\"async\" class=\"zoom alignnone wp-image-9794 size-full\" src=\"https:\/\/teec.org.mx\/web\/wp-content\/uploads\/2021\/03\/Sujetos-Sancionados.png\" alt=\"\" width=\"275\" height=\"98\" \/><\/a>\u00a0 \u00a0 \u00a0 \u00a0 \u00a0 <a href=\"https:\/\/teec.org.mx\/web\/wp-content\/uploads\/2023\/07\/Tabla-Actualizacion-y-Conservacion-de-la-Inf-Pub-18-07-2023.pdf\" target=\"_blank\" rel=\"noopener noreferrer\"><img loading=\"lazy\" decoding=\"async\" class=\"zoom alignnone wp-image-9796 size-full\" src=\"https:\/\/teec.org.mx\/web\/wp-content\/uploads\/2021\/03\/Tabla-Actualizacion.png\" alt=\"\" width=\"276\" height=\"98\" \/><\/a><\/p>\n<p><a href=\"https:\/\/teec.org.mx\/web\/wp-content\/uploads\/2021\/02\/Guias-SIPOT.zip\"><img loading=\"lazy\" decoding=\"async\" class=\"zoom alignnone wp-image-9798 size-full\" src=\"https:\/\/teec.org.mx\/web\/wp-content\/uploads\/2021\/03\/Guia-SIPOT.png\" alt=\"\" width=\"276\" height=\"98\" \/><\/a>\u00a0 \u00a0 \u00a0 \u00a0 \u00a0 <a href=\"https:\/\/teec.org.mx\/web\/legislacion\/\"><img loading=\"lazy\" decoding=\"async\" class=\"zoom alignnone wp-image-9801 size-full\" src=\"https:\/\/teec.org.mx\/web\/wp-content\/uploads\/2021\/03\/Legislacion-Trans.png\" alt=\"\" width=\"275\" height=\"98\" \/><\/a><\/p>\n<p>\u00a0<\/p>\n<\/div>\n\n\n\n<div class=\"wp-block-column is-layout-flow wp-block-column-is-layout-flow\" style=\"flex-basis:15%\"><\/div>\n<\/div>\n\n\n\n<p><\/p>\n","protected":false},"excerpt":{"rendered":"<p>Portal de transparencia Ley de Transparencia y Acceso a la Informaci\u00f3n P\u00fablica del Estado de Campeche &nbsp; En esta secci\u00f3n encontrar\u00e1s las obligaciones de transparencia que en cumplimiento a la Ley de Transparencia y Acceso a la Informaci\u00f3n P\u00fablica del Estado de Campeche, as\u00ed como de la informaci\u00f3n de la materia que el TEEC difunde [&hellip;]<\/p>\n","protected":false},"author":1,"featured_media":0,"parent":0,"menu_order":0,"comment_status":"closed","ping_status":"closed","template":"","meta":{"footnotes":""},"yst_prominent_words":[598,595,594,61,178,597,183,252,194,596],"_links":{"self":[{"href":"https:\/\/teec.org.mx\/web\/wp-json\/wp\/v2\/pages\/9"}],"collection":[{"href":"https:\/\/teec.org.mx\/web\/wp-json\/wp\/v2\/pages"}],"about":[{"href":"https:\/\/teec.org.mx\/web\/wp-json\/wp\/v2\/types\/page"}],"author":[{"embeddable":true,"href":"https:\/\/teec.org.mx\/web\/wp-json\/wp\/v2\/users\/1"}],"replies":[{"embeddable":true,"href":"https:\/\/teec.org.mx\/web\/wp-json\/wp\/v2\/comments?post=9"}],"version-history":[{"count":133,"href":"https:\/\/teec.org.mx\/web\/wp-json\/wp\/v2\/pages\/9\/revisions"}],"predecessor-version":[{"id":32825,"href":"https:\/\/teec.org.mx\/web\/wp-json\/wp\/v2\/pages\/9\/revisions\/32825"}],"wp:attachment":[{"href":"https:\/\/teec.org.mx\/web\/wp-json\/wp\/v2\/media?parent=9"}],"wp:term":[{"taxonomy":"yst_prominent_words","embeddable":true,"href":"https:\/\/teec.org.mx\/web\/wp-json\/wp\/v2\/yst_prominent_words?post=9"}],"curies":[{"name":"wp","href":"https:\/\/api.w.org\/{rel}","templated":true}]}}