{"id":9581,"date":"2021-03-02T20:36:21","date_gmt":"2021-03-03T02:36:21","guid":{"rendered":"https:\/\/teec.org.mx\/web\/?page_id=9581"},"modified":"2023-01-16T13:06:13","modified_gmt":"2023-01-16T19:06:13","slug":"imp-2021","status":"publish","type":"page","link":"https:\/\/teec.org.mx\/web\/imp-2021\/","title":{"rendered":"IMP 2021"},"content":{"rendered":"\n<h3 class=\"has-text-align-center wp-block-heading\"><strong>Impedimento para conocer de un determinado medio de impugnaci\u00f3n<\/strong><\/h3>\n\n\n\n<p>&nbsp;<\/p>\n<p style=\"text-align: center;\"><div class=\"supsystic-table-loader la-ball-beat la-2x\" style=\"color:#000000\"><div><\/div><div><\/div><div><\/div><\/div><div id=\"supsystic-table-63_72906\" class=\"supsystic-tables-wrap pagination-medium\" style=\" width:100%; visibility: hidden; \" data-table-width-fixed=\"100%\" data-table-width-mobile=\"100%\" ><div class=\"supsystic-tables-features\"><\/div><table id=\"supsystic-table-63\" class=\"supsystic-table border cell-border\" data-id=\"63\" data-view-id=\"63_72906\" data-title=\"IMP 2021\" data-currency-format=\"$1,000.00\" data-percent-format=\"10.00%\" data-date-format=\"DD.MM.YYYY\" data-time-format=\"HH:mm\" data-features=\"[&quot;info&quot;,&quot;paging&quot;,&quot;searching&quot;,&quot;after_table_loaded_script&quot;,&quot;import&quot;]\" data-search-value=\"\" data-head=\"on\" data-head-rows-count=\"1\" data-pagination-length=\"10,25,50,100,All\" data-auto-index=\"off\" data-searching-settings=\"{&quot;columnSearchPosition&quot;:&quot;bottom&quot;,&quot;minChars&quot;:&quot;0&quot;}\" data-lang=\"Spanish\" data-override=\"{&quot;emptyTable&quot;:&quot;&quot;,&quot;info&quot;:&quot;&quot;,&quot;infoEmpty&quot;:&quot;&quot;,&quot;infoFiltered&quot;:&quot;&quot;,&quot;lengthMenu&quot;:&quot;&quot;,&quot;search&quot;:&quot;&quot;,&quot;zeroRecords&quot;:&quot;&quot;,&quot;exportLabel&quot;:&quot;&quot;,&quot;file&quot;:&quot;Spanish&quot;}\" data-merged=\"[]\" data-responsive-mode=\"0\" data-from-history=\"0\" ><thead><tr><th data-cell-id=\"A1\" data-x=\"0\" data-y=\"1\" data-db-index=\"1\" class=\"htCenter color-ffffff bold bg-d49820 fsize-18\" data-cell-type=\"text\" data-original-value=\"Fecha\" data-order=\"Fecha\" style=\"min-width:27.9671%; \" >Fecha <\/th><th data-cell-id=\"B1\" data-x=\"1\" data-y=\"1\" data-db-index=\"1\" class=\"htCenter bg-d49820 color-ffffff bold fsize-18\" data-cell-type=\"text\" data-original-value=\"Promovente\" data-order=\"Promovente\" style=\"min-width:38.7779%; \" >Promovente <\/th><th data-cell-id=\"C1\" data-x=\"2\" data-y=\"1\" data-db-index=\"1\" class=\"htCenter bg-d49820 color-ffffff bold fsize-18\" data-cell-type=\"text\" data-original-value=\"Archivo\" data-order=\"Archivo\" style=\"min-width:33.255%; \" >Archivo <\/th><\/tr><\/thead><tbody><tr style=\"height:px\" ><td data-cell-id=\"A2\" data-x=\"0\" data-y=\"2\" data-db-index=\"2\" class=\"fsize-18\" data-cell-type=\"text\" data-original-value=\"01 de junio de 2021, a las 10:30 horas\" data-order=\"01 de junio de 2021, a las 10:30 horas\" >01 de junio de 2021, a las 10:30 horas <\/td><td data-cell-id=\"B2\" data-x=\"1\" data-y=\"2\" data-db-index=\"2\" class=\"fsize-18\" data-cell-type=\"text\" data-original-value=\"Maestro Francisco Javier Ac Ord\u00f3\u00f1ez, Magistrado Presidente del Tribunal Electoral del Estado de Campeche\" data-order=\"Maestro Francisco Javier Ac Ord\u00f3\u00f1ez, Magistrado Presidente del Tribunal Electoral del Estado de Campeche\" >Maestro Francisco Javier Ac Ord\u00f3\u00f1ez, Magistrado Presidente del Tribunal Electoral del Estado de Campeche <\/td><td data-cell-id=\"C2\" data-x=\"2\" data-y=\"2\" data-db-index=\"2\" class=\"fsize-18\" data-cell-type=\"text\" data-original-value=\"&lt;a href=&quot;https:\/\/teec.org.mx\/web\/wp-content\/uploads\/2021\/06\/TEEC-IMP-2-2021-01-06-2021.pdf&quot; target=&quot;_blank&quot;&gt;TEEC\/IMP\/2\/2021 (Se dict\u00f3 un acuerdo plenario)&lt;\/a&gt;\" data-order=\"&lt;a href=&quot;https:\/\/teec.org.mx\/web\/wp-content\/uploads\/2021\/06\/TEEC-IMP-2-2021-01-06-2021.pdf&quot; target=&quot;_blank&quot;&gt;TEEC\/IMP\/2\/2021 (Se dict\u00f3 un acuerdo plenario)&lt;\/a&gt;\" ><a href=\"https:\/\/teec.org.mx\/web\/wp-content\/uploads\/2021\/06\/TEEC-IMP-2-2021-01-06-2021.pdf\" target=\"_blank\">TEEC\/IMP\/2\/2021 (Se dict\u00f3 un acuerdo plenario)<\/a><\/td><\/tr><tr style=\"height:px\" ><td data-cell-id=\"A3\" data-x=\"0\" data-y=\"3\" data-db-index=\"3\" class=\"fsize-18\" data-cell-type=\"text\" data-original-value=\"31 de mayo de 2021, a las 19:00 horas\" data-order=\"31 de mayo de 2021, a las 19:00 horas\" >31 de mayo de 2021, a las 19:00 horas <\/td><td data-cell-id=\"B3\" data-x=\"1\" data-y=\"3\" data-db-index=\"3\" class=\"fsize-18\" data-cell-type=\"text\" data-original-value=\"A todos los interesados\" data-order=\"A todos los interesados\" >A todos los interesados <\/td><td data-cell-id=\"C3\" data-x=\"2\" data-y=\"3\" data-db-index=\"3\" class=\"fsize-18\" data-cell-type=\"text\" data-original-value=\"&lt;a href=&quot;https:\/\/teec.org.mx\/web\/wp-content\/uploads\/2021\/05\/TEEC-IMP-2-2021-31-05-2021.pdf&quot; target=&quot;_blank&quot;&gt;TEEC\/IMP\/2\/2021 (Para conocimiento)&lt;\/a&gt;\" data-order=\"&lt;a href=&quot;https:\/\/teec.org.mx\/web\/wp-content\/uploads\/2021\/05\/TEEC-IMP-2-2021-31-05-2021.pdf&quot; target=&quot;_blank&quot;&gt;TEEC\/IMP\/2\/2021 (Para conocimiento)&lt;\/a&gt;\" ><a href=\"https:\/\/teec.org.mx\/web\/wp-content\/uploads\/2021\/05\/TEEC-IMP-2-2021-31-05-2021.pdf\" target=\"_blank\">TEEC\/IMP\/2\/2021 (Para conocimiento)<\/a><\/td><\/tr><tr style=\"height:px\" ><td data-cell-id=\"A4\" data-x=\"0\" data-y=\"4\" data-db-index=\"4\" class=\"fsize-18\" data-cell-type=\"text\" data-original-value=\"03 de marzo de 2021, a las 21:00 horas\" data-order=\"03 de marzo de 2021, a las 21:00 horas\" >03 de marzo de 2021, a las 21:00 horas <\/td><td data-cell-id=\"B4\" data-x=\"1\" data-y=\"4\" data-db-index=\"4\" class=\"fsize-18\" data-cell-type=\"text\" data-original-value=\"Maestro Francisco Javier Ac Ord\u00f3\u00f1ez, Magistrado Presidente del Tribunal Electoral del Estado de Campeche\" data-order=\"Maestro Francisco Javier Ac Ord\u00f3\u00f1ez, Magistrado Presidente del Tribunal Electoral del Estado de Campeche\" >Maestro Francisco Javier Ac Ord\u00f3\u00f1ez, Magistrado Presidente del Tribunal Electoral del Estado de Campeche <\/td><td data-cell-id=\"C4\" data-x=\"2\" data-y=\"4\" data-db-index=\"4\" class=\"fsize-18\" data-cell-type=\"text\" data-original-value=\"&lt;a href=&quot;https:\/\/teec.org.mx\/web\/wp-content\/uploads\/2021\/03\/TEEC-IMP-1-2021-03-03-2021.pdf&quot; target=&quot;_blank&quot;&gt;TEEC\/IMP\/1\/2021 (Se llev\u00f3 a cabo sesi\u00f3n privada virtual y se dict\u00f3 un acuerdo plenario)&lt;\/a&gt;\" data-order=\"&lt;a href=&quot;https:\/\/teec.org.mx\/web\/wp-content\/uploads\/2021\/03\/TEEC-IMP-1-2021-03-03-2021.pdf&quot; target=&quot;_blank&quot;&gt;TEEC\/IMP\/1\/2021 (Se llev\u00f3 a cabo sesi\u00f3n privada virtual y se dict\u00f3 un acuerdo plenario)&lt;\/a&gt;\" ><a href=\"https:\/\/teec.org.mx\/web\/wp-content\/uploads\/2021\/03\/TEEC-IMP-1-2021-03-03-2021.pdf\" target=\"_blank\">TEEC\/IMP\/1\/2021 (Se llev\u00f3 a cabo sesi\u00f3n privada virtual y se dict\u00f3 un acuerdo plenario)<\/a><\/td><\/tr><tr style=\"height:px\" ><td data-cell-id=\"A5\" data-x=\"0\" data-y=\"5\" data-db-index=\"5\" class=\"fsize-18\" data-cell-type=\"text\" data-original-value=\"02 de marzo de 2021, a las 11:30 horas\" data-order=\"02 de marzo de 2021, a las 11:30 horas\" >02 de marzo de 2021, a las 11:30 horas <\/td><td data-cell-id=\"B5\" data-x=\"1\" data-y=\"5\" data-db-index=\"5\" class=\"fsize-18\" data-cell-type=\"text\" data-original-value=\"Maestro Francisco Javier Ac Ord\u00f3\u00f1ez, Magistrado Presidente del Tribunal Electoral del Estado de Campeche\" data-order=\"Maestro Francisco Javier Ac Ord\u00f3\u00f1ez, Magistrado Presidente del Tribunal Electoral del Estado de Campeche\" >Maestro Francisco Javier Ac Ord\u00f3\u00f1ez, Magistrado Presidente del Tribunal Electoral del Estado de Campeche <\/td><td data-cell-id=\"C5\" data-x=\"2\" data-y=\"5\" data-db-index=\"5\" class=\"fsize-18\" data-cell-type=\"text\" data-original-value=\"&lt;a href=&quot;https:\/\/teec.org.mx\/web\/wp-content\/uploads\/2021\/03\/TEEC-IMP-1-2021-02-03-2021.pdf&quot; target=&quot;_blank&quot;&gt;TEEC\/IMP\/1\/2021 (Para conocimiento)&lt;\/a&gt;\" data-order=\"&lt;a href=&quot;https:\/\/teec.org.mx\/web\/wp-content\/uploads\/2021\/03\/TEEC-IMP-1-2021-02-03-2021.pdf&quot; target=&quot;_blank&quot;&gt;TEEC\/IMP\/1\/2021 (Para conocimiento)&lt;\/a&gt;\" ><a href=\"https:\/\/teec.org.mx\/web\/wp-content\/uploads\/2021\/03\/TEEC-IMP-1-2021-02-03-2021.pdf\" target=\"_blank\">TEEC\/IMP\/1\/2021 (Para conocimiento)<\/a><\/td><\/tr><\/tbody><\/table><!-- \/#supsystic-table-63.supsystic-table --><div class=\"stbConditionsData\" ><\/div><\/div><!-- \/.supsystic-tables-wrap --><!-- Tables Generator by Supsystic --><!-- Version:1.10.47 --><!-- http:\/\/supsystic.com\/ --><a title=\"WordPress Responsive Table\" style=\"display:none;\" href=\"https:\/\/supsystic.com\/plugins\/wordpress-data-table-plugin\/?utm_medium=love_link\" target=\"_blank\">WordPress Responsive Table<\/a><\/p>\n<p>&nbsp;<\/p>\n","protected":false},"excerpt":{"rendered":"<p>Impedimento para conocer de un determinado medio de impugnaci\u00f3n &nbsp; &nbsp;<\/p>\n","protected":false},"author":1,"featured_media":0,"parent":0,"menu_order":0,"comment_status":"closed","ping_status":"closed","template":"","meta":{"footnotes":""},"yst_prominent_words":[],"_links":{"self":[{"href":"https:\/\/teec.org.mx\/web\/wp-json\/wp\/v2\/pages\/9581"}],"collection":[{"href":"https:\/\/teec.org.mx\/web\/wp-json\/wp\/v2\/pages"}],"about":[{"href":"https:\/\/teec.org.mx\/web\/wp-json\/wp\/v2\/types\/page"}],"author":[{"embeddable":true,"href":"https:\/\/teec.org.mx\/web\/wp-json\/wp\/v2\/users\/1"}],"replies":[{"embeddable":true,"href":"https:\/\/teec.org.mx\/web\/wp-json\/wp\/v2\/comments?post=9581"}],"version-history":[{"count":2,"href":"https:\/\/teec.org.mx\/web\/wp-json\/wp\/v2\/pages\/9581\/revisions"}],"predecessor-version":[{"id":17237,"href":"https:\/\/teec.org.mx\/web\/wp-json\/wp\/v2\/pages\/9581\/revisions\/17237"}],"wp:attachment":[{"href":"https:\/\/teec.org.mx\/web\/wp-json\/wp\/v2\/media?parent=9581"}],"wp:term":[{"taxonomy":"yst_prominent_words","embeddable":true,"href":"https:\/\/teec.org.mx\/web\/wp-json\/wp\/v2\/yst_prominent_words?post=9581"}],"curies":[{"name":"wp","href":"https:\/\/api.w.org\/{rel}","templated":true}]}}